{"id":47521,"date":"2024-06-26T23:56:02","date_gmt":"2024-06-26T23:56:02","guid":{"rendered":"https:\/\/novi.misst.hr\/?post_type=product&#038;p=47521"},"modified":"2024-06-27T00:05:05","modified_gmt":"2024-06-27T00:05:05","slug":"malizia-uomo-parfum-deo-man","status":"publish","type":"product","link":"https:\/\/misst.hr\/en\/proizvod\/malizia-uomo-parfum-deo-man\/","title":{"rendered":"MALIZIA UOMO \u2013 PARFUM DEO MAN"},"content":{"rendered":"<p id=\"tw-target-text\" class=\"tw-data-text tw-text-large tw-ta\" dir=\"ltr\" data-placeholder=\"Translation\" aria-label=\"Translated text\" data-ved=\"2ahUKEwjYtf7Ry_SGAxWOPBAIHWyzDioQ3ewLegQIExAU\"><span class=\"Y2IQFc\" lang=\"hr\">Malizia je uvijek brinula o potrebama obitelji.Krovni brend, podijeljen je na cjelovite linije proizvoda za osobnu higijenu i ku\u0107nu njegu, visoko diferencirane unutar njih kako bi ponudio specifi\u010dne odgovore na \u0161to vi\u0161e specifi\u010dnih potreba, prema razli\u010ditim referentnim ciljevima. Malizia Profumo d&#8217;Intesa za nju, Malizia UOMO za njega kompletne su linije svje\u017eih i senzualnih parfimisanih dezodoransa, dostupnih u mnogo razli\u010ditih mirisa s razli\u010ditim karakterom. Odaberite onaj koji vam najvi\u0161e odgovara.<\/span><\/p>\n<p dir=\"ltr\" data-placeholder=\"Translation\" aria-label=\"Translated text\" data-ved=\"2ahUKEwjYtf7Ry_SGAxWOPBAIHWyzDioQ3ewLegQIExAU\">127851 &#8211; VETYVER 150ml<br \/>\n127841 &#8211; MUSK 150ml<br \/>\n127791 &#8211; AQUA 150ml<br \/>\n127811 &#8211; AMBER 150ml<br \/>\n127831 &#8211; SILVER 150ml<br \/>\n127821 &#8211; GOLD 150ml<br \/>\n127801 &#8211; SKYLINE 150ml<br \/>\n127221 &#8211; URBAN 150ml<br \/>\n127771 &#8211; BLACK &amp; WILD 150ml<\/p>\n","protected":false},"excerpt":{"rendered":"<p>Malizia je uvijek brinula o potrebama obitelji.Krovni brend, podijeljen je na cjelovite linije proizvoda za osobnu higijenu i ku\u0107nu njegu, visoko diferencirane unutar njih kako bi ponudio specifi\u010dne odgovore na \u0161to vi\u0161e specifi\u010dnih potreba, prema razli\u010ditim referentnim ciljevima. Malizia Profumo d&#8217;Intesa za nju, Malizia UOMO za njega kompletne su linije svje\u017eih i senzualnih parfimisanih dezodoransa, [&hellip;]<\/p>\n","protected":false},"featured_media":47534,"comment_status":"open","ping_status":"closed","template":"","meta":{"_monsterinsights_skip_tracking":false,"_monsterinsights_sitenote_active":false,"_monsterinsights_sitenote_note":"","_monsterinsights_sitenote_category":0},"product_brand":[174,182],"product_cat":[176,223,194,353],"product_tag":[],"class_list":{"0":"post-47521","1":"product","2":"type-product","3":"status-publish","4":"has-post-thumbnail","6":"proizvodaci-mirato-s-p-a","7":"product_brand-malizia","8":"product_brand-mirato","9":"product_cat-dezodoransi-parfemi","10":"product_cat-muska-kozmetika","11":"product_cat-njega-tijela","12":"product_cat-unisex","15":"first","16":"instock","17":"shipping-taxable","18":"product-type-simple"},"acf":[],"yoast_head":"<!-- This site is optimized with the Yoast SEO plugin v27.3 - https:\/\/yoast.com\/product\/yoast-seo-wordpress\/ -->\n<title>MALIZIA UOMO \u2013 PARFUM DEO MAN - Misst<\/title>\n<meta name=\"robots\" content=\"index, follow, max-snippet:-1, max-image-preview:large, max-video-preview:-1\" \/>\n<link rel=\"canonical\" href=\"https:\/\/misst.hr\/en\/proizvod\/malizia-uomo-parfum-deo-man\/\" \/>\n<meta property=\"og:locale\" content=\"en_US\" \/>\n<meta property=\"og:type\" content=\"article\" \/>\n<meta property=\"og:title\" content=\"MALIZIA UOMO \u2013 PARFUM DEO MAN - Misst\" \/>\n<meta property=\"og:description\" content=\"Malizia je uvijek brinula o potrebama obitelji.Krovni brend, podijeljen je na cjelovite linije proizvoda za osobnu higijenu i ku\u0107nu njegu, visoko diferencirane unutar njih kako bi ponudio specifi\u010dne odgovore na \u0161to vi\u0161e specifi\u010dnih potreba, prema razli\u010ditim referentnim ciljevima. Malizia Profumo d&#8217;Intesa za nju, Malizia UOMO za njega kompletne su linije svje\u017eih i senzualnih parfimisanih dezodoransa, [&hellip;]\" \/>\n<meta property=\"og:url\" content=\"https:\/\/misst.hr\/en\/proizvod\/malizia-uomo-parfum-deo-man\/\" \/>\n<meta property=\"og:site_name\" content=\"Misst\" \/>\n<meta property=\"article:publisher\" content=\"https:\/\/www.facebook.com\/misstdoo\/\" \/>\n<meta property=\"article:modified_time\" content=\"2024-06-27T00:05:05+00:00\" \/>\n<meta property=\"og:image\" content=\"https:\/\/misst.hr\/wp-content\/uploads\/2024\/06\/malizia-deodorant.jpg\" \/>\n\t<meta property=\"og:image:width\" content=\"800\" \/>\n\t<meta property=\"og:image:height\" content=\"800\" \/>\n\t<meta property=\"og:image:type\" content=\"image\/jpeg\" \/>\n<meta name=\"twitter:card\" content=\"summary_large_image\" \/>\n<meta name=\"twitter:label1\" content=\"Est. reading time\" \/>\n\t<meta name=\"twitter:data1\" content=\"1 minute\" \/>\n<script type=\"application\/ld+json\" class=\"yoast-schema-graph\">{\"@context\":\"https:\\\/\\\/schema.org\",\"@graph\":[{\"@type\":\"WebPage\",\"@id\":\"https:\\\/\\\/misst.hr\\\/en\\\/proizvod\\\/malizia-uomo-parfum-deo-man\\\/\",\"url\":\"https:\\\/\\\/misst.hr\\\/en\\\/proizvod\\\/malizia-uomo-parfum-deo-man\\\/\",\"name\":\"MALIZIA UOMO \u2013 PARFUM DEO MAN - Misst\",\"isPartOf\":{\"@id\":\"https:\\\/\\\/misst.hr\\\/en\\\/#website\"},\"primaryImageOfPage\":{\"@id\":\"https:\\\/\\\/misst.hr\\\/en\\\/proizvod\\\/malizia-uomo-parfum-deo-man\\\/#primaryimage\"},\"image\":{\"@id\":\"https:\\\/\\\/misst.hr\\\/en\\\/proizvod\\\/malizia-uomo-parfum-deo-man\\\/#primaryimage\"},\"thumbnailUrl\":\"https:\\\/\\\/misst.hr\\\/wp-content\\\/uploads\\\/2024\\\/06\\\/malizia-deodorant.jpg\",\"datePublished\":\"2024-06-26T23:56:02+00:00\",\"dateModified\":\"2024-06-27T00:05:05+00:00\",\"breadcrumb\":{\"@id\":\"https:\\\/\\\/misst.hr\\\/en\\\/proizvod\\\/malizia-uomo-parfum-deo-man\\\/#breadcrumb\"},\"inLanguage\":\"en-US\",\"potentialAction\":[{\"@type\":\"ReadAction\",\"target\":[\"https:\\\/\\\/misst.hr\\\/en\\\/proizvod\\\/malizia-uomo-parfum-deo-man\\\/\"]}]},{\"@type\":\"ImageObject\",\"inLanguage\":\"en-US\",\"@id\":\"https:\\\/\\\/misst.hr\\\/en\\\/proizvod\\\/malizia-uomo-parfum-deo-man\\\/#primaryimage\",\"url\":\"https:\\\/\\\/misst.hr\\\/wp-content\\\/uploads\\\/2024\\\/06\\\/malizia-deodorant.jpg\",\"contentUrl\":\"https:\\\/\\\/misst.hr\\\/wp-content\\\/uploads\\\/2024\\\/06\\\/malizia-deodorant.jpg\",\"width\":800,\"height\":800},{\"@type\":\"BreadcrumbList\",\"@id\":\"https:\\\/\\\/misst.hr\\\/en\\\/proizvod\\\/malizia-uomo-parfum-deo-man\\\/#breadcrumb\",\"itemListElement\":[{\"@type\":\"ListItem\",\"position\":1,\"name\":\"Home\",\"item\":\"https:\\\/\\\/misst.hr\\\/en\\\/\"},{\"@type\":\"ListItem\",\"position\":2,\"name\":\"Trgovina\",\"item\":\"https:\\\/\\\/misst.hr\\\/trgovina\\\/\"},{\"@type\":\"ListItem\",\"position\":3,\"name\":\"MALIZIA UOMO \u2013 PARFUM DEO MAN\"}]},{\"@type\":\"WebSite\",\"@id\":\"https:\\\/\\\/misst.hr\\\/en\\\/#website\",\"url\":\"https:\\\/\\\/misst.hr\\\/en\\\/\",\"name\":\"misst.hr\",\"description\":\"Misst d.o.o - za trgovinu i usluge\",\"publisher\":{\"@id\":\"https:\\\/\\\/misst.hr\\\/en\\\/#organization\"},\"potentialAction\":[{\"@type\":\"SearchAction\",\"target\":{\"@type\":\"EntryPoint\",\"urlTemplate\":\"https:\\\/\\\/misst.hr\\\/en\\\/?s={search_term_string}\"},\"query-input\":{\"@type\":\"PropertyValueSpecification\",\"valueRequired\":true,\"valueName\":\"search_term_string\"}}],\"inLanguage\":\"en-US\"},{\"@type\":\"Organization\",\"@id\":\"https:\\\/\\\/misst.hr\\\/en\\\/#organization\",\"name\":\"Misst d.o.o.\",\"url\":\"https:\\\/\\\/misst.hr\\\/en\\\/\",\"logo\":{\"@type\":\"ImageObject\",\"inLanguage\":\"en-US\",\"@id\":\"https:\\\/\\\/misst.hr\\\/en\\\/#\\\/schema\\\/logo\\\/image\\\/\",\"url\":\"https:\\\/\\\/misst.hr\\\/wp-content\\\/uploads\\\/2021\\\/07\\\/misst-1024x509-2.png\",\"contentUrl\":\"https:\\\/\\\/misst.hr\\\/wp-content\\\/uploads\\\/2021\\\/07\\\/misst-1024x509-2.png\",\"width\":1024,\"height\":509,\"caption\":\"Misst d.o.o.\"},\"image\":{\"@id\":\"https:\\\/\\\/misst.hr\\\/en\\\/#\\\/schema\\\/logo\\\/image\\\/\"},\"sameAs\":[\"https:\\\/\\\/www.facebook.com\\\/misstdoo\\\/\"]}]}<\/script>\n<!-- \/ Yoast SEO plugin. -->","yoast_head_json":{"title":"MALIZIA UOMO \u2013 PARFUM DEO MAN - Misst","robots":{"index":"index","follow":"follow","max-snippet":"max-snippet:-1","max-image-preview":"max-image-preview:large","max-video-preview":"max-video-preview:-1"},"canonical":"https:\/\/misst.hr\/en\/proizvod\/malizia-uomo-parfum-deo-man\/","og_locale":"en_US","og_type":"article","og_title":"MALIZIA UOMO \u2013 PARFUM DEO MAN - Misst","og_description":"Malizia je uvijek brinula o potrebama obitelji.Krovni brend, podijeljen je na cjelovite linije proizvoda za osobnu higijenu i ku\u0107nu njegu, visoko diferencirane unutar njih kako bi ponudio specifi\u010dne odgovore na \u0161to vi\u0161e specifi\u010dnih potreba, prema razli\u010ditim referentnim ciljevima. Malizia Profumo d&#8217;Intesa za nju, Malizia UOMO za njega kompletne su linije svje\u017eih i senzualnih parfimisanih dezodoransa, [&hellip;]","og_url":"https:\/\/misst.hr\/en\/proizvod\/malizia-uomo-parfum-deo-man\/","og_site_name":"Misst","article_publisher":"https:\/\/www.facebook.com\/misstdoo\/","article_modified_time":"2024-06-27T00:05:05+00:00","og_image":[{"width":800,"height":800,"url":"https:\/\/misst.hr\/wp-content\/uploads\/2024\/06\/malizia-deodorant.jpg","type":"image\/jpeg"}],"twitter_card":"summary_large_image","twitter_misc":{"Est. reading time":"1 minute"},"schema":{"@context":"https:\/\/schema.org","@graph":[{"@type":"WebPage","@id":"https:\/\/misst.hr\/en\/proizvod\/malizia-uomo-parfum-deo-man\/","url":"https:\/\/misst.hr\/en\/proizvod\/malizia-uomo-parfum-deo-man\/","name":"MALIZIA UOMO \u2013 PARFUM DEO MAN - Misst","isPartOf":{"@id":"https:\/\/misst.hr\/en\/#website"},"primaryImageOfPage":{"@id":"https:\/\/misst.hr\/en\/proizvod\/malizia-uomo-parfum-deo-man\/#primaryimage"},"image":{"@id":"https:\/\/misst.hr\/en\/proizvod\/malizia-uomo-parfum-deo-man\/#primaryimage"},"thumbnailUrl":"https:\/\/misst.hr\/wp-content\/uploads\/2024\/06\/malizia-deodorant.jpg","datePublished":"2024-06-26T23:56:02+00:00","dateModified":"2024-06-27T00:05:05+00:00","breadcrumb":{"@id":"https:\/\/misst.hr\/en\/proizvod\/malizia-uomo-parfum-deo-man\/#breadcrumb"},"inLanguage":"en-US","potentialAction":[{"@type":"ReadAction","target":["https:\/\/misst.hr\/en\/proizvod\/malizia-uomo-parfum-deo-man\/"]}]},{"@type":"ImageObject","inLanguage":"en-US","@id":"https:\/\/misst.hr\/en\/proizvod\/malizia-uomo-parfum-deo-man\/#primaryimage","url":"https:\/\/misst.hr\/wp-content\/uploads\/2024\/06\/malizia-deodorant.jpg","contentUrl":"https:\/\/misst.hr\/wp-content\/uploads\/2024\/06\/malizia-deodorant.jpg","width":800,"height":800},{"@type":"BreadcrumbList","@id":"https:\/\/misst.hr\/en\/proizvod\/malizia-uomo-parfum-deo-man\/#breadcrumb","itemListElement":[{"@type":"ListItem","position":1,"name":"Home","item":"https:\/\/misst.hr\/en\/"},{"@type":"ListItem","position":2,"name":"Trgovina","item":"https:\/\/misst.hr\/trgovina\/"},{"@type":"ListItem","position":3,"name":"MALIZIA UOMO \u2013 PARFUM DEO MAN"}]},{"@type":"WebSite","@id":"https:\/\/misst.hr\/en\/#website","url":"https:\/\/misst.hr\/en\/","name":"misst.hr","description":"Misst d.o.o - za trgovinu i usluge","publisher":{"@id":"https:\/\/misst.hr\/en\/#organization"},"potentialAction":[{"@type":"SearchAction","target":{"@type":"EntryPoint","urlTemplate":"https:\/\/misst.hr\/en\/?s={search_term_string}"},"query-input":{"@type":"PropertyValueSpecification","valueRequired":true,"valueName":"search_term_string"}}],"inLanguage":"en-US"},{"@type":"Organization","@id":"https:\/\/misst.hr\/en\/#organization","name":"Misst d.o.o.","url":"https:\/\/misst.hr\/en\/","logo":{"@type":"ImageObject","inLanguage":"en-US","@id":"https:\/\/misst.hr\/en\/#\/schema\/logo\/image\/","url":"https:\/\/misst.hr\/wp-content\/uploads\/2021\/07\/misst-1024x509-2.png","contentUrl":"https:\/\/misst.hr\/wp-content\/uploads\/2021\/07\/misst-1024x509-2.png","width":1024,"height":509,"caption":"Misst d.o.o."},"image":{"@id":"https:\/\/misst.hr\/en\/#\/schema\/logo\/image\/"},"sameAs":["https:\/\/www.facebook.com\/misstdoo\/"]}]}},"_links":{"self":[{"href":"https:\/\/misst.hr\/en\/wp-json\/wp\/v2\/product\/47521","targetHints":{"allow":["GET"]}}],"collection":[{"href":"https:\/\/misst.hr\/en\/wp-json\/wp\/v2\/product"}],"about":[{"href":"https:\/\/misst.hr\/en\/wp-json\/wp\/v2\/types\/product"}],"replies":[{"embeddable":true,"href":"https:\/\/misst.hr\/en\/wp-json\/wp\/v2\/comments?post=47521"}],"wp:featuredmedia":[{"embeddable":true,"href":"https:\/\/misst.hr\/en\/wp-json\/wp\/v2\/media\/47534"}],"wp:attachment":[{"href":"https:\/\/misst.hr\/en\/wp-json\/wp\/v2\/media?parent=47521"}],"wp:term":[{"taxonomy":"product_brand","embeddable":true,"href":"https:\/\/misst.hr\/en\/wp-json\/wp\/v2\/product_brand?post=47521"},{"taxonomy":"product_cat","embeddable":true,"href":"https:\/\/misst.hr\/en\/wp-json\/wp\/v2\/product_cat?post=47521"},{"taxonomy":"product_tag","embeddable":true,"href":"https:\/\/misst.hr\/en\/wp-json\/wp\/v2\/product_tag?post=47521"}],"curies":[{"name":"wp","href":"https:\/\/api.w.org\/{rel}","templated":true}]}}