{"id":47104,"date":"2024-06-24T23:43:25","date_gmt":"2024-06-24T23:43:25","guid":{"rendered":"https:\/\/novi.misst.hr\/?post_type=product&#038;p=47104"},"modified":"2024-06-24T23:43:25","modified_gmt":"2024-06-24T23:43:25","slug":"evin-man-dezodoransi-u-spreju-150ml","status":"publish","type":"product","link":"https:\/\/misst.hr\/en\/proizvod\/evin-man-dezodoransi-u-spreju-150ml\/","title":{"rendered":"EVIN MAN &#8211; DEZODORANSI U SPREJU 150mL"},"content":{"rendered":"<p>EVIN MAN &#8211; Linija mu\u0161kih dezodoranata za tijelo, u \u0161est razli\u010ditih mirisnih nota sa novim inovativnim klik-klak poklopcem i raspr\u0161iva\u010dem.<\/p>\n<p>100625 &#8211; EVIN NEPTUN\u00a0 \u00a0 \u00a0 &#8211; 8007675733846<br \/>\n100626 &#8211; EVIN URANUS\u00a0 \u00a0 \u00a0 &#8211; 8007675733853<br \/>\n100627 &#8211; EVIN EARTH\u00a0 \u00a0 \u00a0 \u00a0 \u00a0&#8211; 8007675733860<br \/>\n100628 &#8211; EVIN MARS\u00a0 \u00a0 \u00a0 \u00a0 \u00a0 \u00a0&#8211; 8007675733877<br \/>\n100629 &#8211; EVIN MERCURY\u00a0 &#8211; 8007675733884<br \/>\n100630 &#8211; EVIN JUPITER\u00a0 \u00a0 \u00a0&#8211; 8007675733891<\/p>\n","protected":false},"excerpt":{"rendered":"<p>EVIN MAN &#8211; Linija mu\u0161kih dezodoranata za tijelo, u \u0161est razli\u010ditih mirisnih nota sa novim inovativnim klik-klak poklopcem i raspr\u0161iva\u010dem. 100625 &#8211; EVIN NEPTUN\u00a0 \u00a0 \u00a0 &#8211; 8007675733846 100626 &#8211; EVIN URANUS\u00a0 \u00a0 \u00a0 &#8211; 8007675733853 100627 &#8211; EVIN EARTH\u00a0 \u00a0 \u00a0 \u00a0 \u00a0&#8211; 8007675733860 100628 &#8211; EVIN MARS\u00a0 \u00a0 \u00a0 \u00a0 \u00a0 \u00a0&#8211; 8007675733877 [&hellip;]<\/p>\n","protected":false},"featured_media":47175,"comment_status":"open","ping_status":"closed","template":"","meta":{"_monsterinsights_skip_tracking":false,"_monsterinsights_sitenote_active":false,"_monsterinsights_sitenote_note":"","_monsterinsights_sitenote_category":0},"product_brand":[183,178],"product_cat":[176,223,194],"product_tag":[],"class_list":{"0":"post-47104","1":"product","2":"type-product","3":"status-publish","4":"has-post-thumbnail","6":"proizvodaci-bergen-srl","7":"product_brand-bergen","8":"product_brand-evin","9":"product_cat-dezodoransi-parfemi","10":"product_cat-muska-kozmetika","11":"product_cat-njega-tijela","14":"first","15":"instock","16":"shipping-taxable","17":"product-type-simple"},"acf":[],"yoast_head":"<!-- This site is optimized with the Yoast SEO plugin v27.3 - https:\/\/yoast.com\/product\/yoast-seo-wordpress\/ -->\n<title>EVIN MAN &#8211; DEZODORANSI U SPREJU 150mL - Misst<\/title>\n<meta name=\"robots\" content=\"index, follow, max-snippet:-1, max-image-preview:large, max-video-preview:-1\" \/>\n<link rel=\"canonical\" href=\"https:\/\/misst.hr\/en\/proizvod\/evin-man-dezodoransi-u-spreju-150ml\/\" \/>\n<meta property=\"og:locale\" content=\"en_US\" \/>\n<meta property=\"og:type\" content=\"article\" \/>\n<meta property=\"og:title\" content=\"EVIN MAN &#8211; DEZODORANSI U SPREJU 150mL - Misst\" \/>\n<meta property=\"og:description\" content=\"EVIN MAN &#8211; Linija mu\u0161kih dezodoranata za tijelo, u \u0161est razli\u010ditih mirisnih nota sa novim inovativnim klik-klak poklopcem i raspr\u0161iva\u010dem. 100625 &#8211; EVIN NEPTUN\u00a0 \u00a0 \u00a0 &#8211; 8007675733846 100626 &#8211; EVIN URANUS\u00a0 \u00a0 \u00a0 &#8211; 8007675733853 100627 &#8211; EVIN EARTH\u00a0 \u00a0 \u00a0 \u00a0 \u00a0&#8211; 8007675733860 100628 &#8211; EVIN MARS\u00a0 \u00a0 \u00a0 \u00a0 \u00a0 \u00a0&#8211; 8007675733877 [&hellip;]\" \/>\n<meta property=\"og:url\" content=\"https:\/\/misst.hr\/en\/proizvod\/evin-man-dezodoransi-u-spreju-150ml\/\" \/>\n<meta property=\"og:site_name\" content=\"Misst\" \/>\n<meta property=\"article:publisher\" content=\"https:\/\/www.facebook.com\/misstdoo\/\" \/>\n<meta property=\"og:image\" content=\"https:\/\/misst.hr\/wp-content\/uploads\/2024\/06\/EVIN-HOMME_deo-persona_groupage-300x225-1.jpg\" \/>\n\t<meta property=\"og:image:width\" content=\"300\" \/>\n\t<meta property=\"og:image:height\" content=\"225\" \/>\n\t<meta property=\"og:image:type\" content=\"image\/jpeg\" \/>\n<meta name=\"twitter:card\" content=\"summary_large_image\" \/>\n<script type=\"application\/ld+json\" class=\"yoast-schema-graph\">{\"@context\":\"https:\\\/\\\/schema.org\",\"@graph\":[{\"@type\":\"WebPage\",\"@id\":\"https:\\\/\\\/misst.hr\\\/en\\\/proizvod\\\/evin-man-dezodoransi-u-spreju-150ml\\\/\",\"url\":\"https:\\\/\\\/misst.hr\\\/en\\\/proizvod\\\/evin-man-dezodoransi-u-spreju-150ml\\\/\",\"name\":\"EVIN MAN &#8211; DEZODORANSI U SPREJU 150mL - Misst\",\"isPartOf\":{\"@id\":\"https:\\\/\\\/misst.hr\\\/en\\\/#website\"},\"primaryImageOfPage\":{\"@id\":\"https:\\\/\\\/misst.hr\\\/en\\\/proizvod\\\/evin-man-dezodoransi-u-spreju-150ml\\\/#primaryimage\"},\"image\":{\"@id\":\"https:\\\/\\\/misst.hr\\\/en\\\/proizvod\\\/evin-man-dezodoransi-u-spreju-150ml\\\/#primaryimage\"},\"thumbnailUrl\":\"https:\\\/\\\/misst.hr\\\/wp-content\\\/uploads\\\/2024\\\/06\\\/EVIN-HOMME_deo-persona_groupage-300x225-1.jpg\",\"datePublished\":\"2024-06-24T23:43:25+00:00\",\"breadcrumb\":{\"@id\":\"https:\\\/\\\/misst.hr\\\/en\\\/proizvod\\\/evin-man-dezodoransi-u-spreju-150ml\\\/#breadcrumb\"},\"inLanguage\":\"en-US\",\"potentialAction\":[{\"@type\":\"ReadAction\",\"target\":[\"https:\\\/\\\/misst.hr\\\/en\\\/proizvod\\\/evin-man-dezodoransi-u-spreju-150ml\\\/\"]}]},{\"@type\":\"ImageObject\",\"inLanguage\":\"en-US\",\"@id\":\"https:\\\/\\\/misst.hr\\\/en\\\/proizvod\\\/evin-man-dezodoransi-u-spreju-150ml\\\/#primaryimage\",\"url\":\"https:\\\/\\\/misst.hr\\\/wp-content\\\/uploads\\\/2024\\\/06\\\/EVIN-HOMME_deo-persona_groupage-300x225-1.jpg\",\"contentUrl\":\"https:\\\/\\\/misst.hr\\\/wp-content\\\/uploads\\\/2024\\\/06\\\/EVIN-HOMME_deo-persona_groupage-300x225-1.jpg\",\"width\":300,\"height\":225},{\"@type\":\"BreadcrumbList\",\"@id\":\"https:\\\/\\\/misst.hr\\\/en\\\/proizvod\\\/evin-man-dezodoransi-u-spreju-150ml\\\/#breadcrumb\",\"itemListElement\":[{\"@type\":\"ListItem\",\"position\":1,\"name\":\"Home\",\"item\":\"https:\\\/\\\/misst.hr\\\/en\\\/\"},{\"@type\":\"ListItem\",\"position\":2,\"name\":\"Trgovina\",\"item\":\"https:\\\/\\\/misst.hr\\\/trgovina\\\/\"},{\"@type\":\"ListItem\",\"position\":3,\"name\":\"EVIN MAN &#8211; DEZODORANSI U SPREJU 150mL\"}]},{\"@type\":\"WebSite\",\"@id\":\"https:\\\/\\\/misst.hr\\\/en\\\/#website\",\"url\":\"https:\\\/\\\/misst.hr\\\/en\\\/\",\"name\":\"misst.hr\",\"description\":\"Misst d.o.o - za trgovinu i usluge\",\"publisher\":{\"@id\":\"https:\\\/\\\/misst.hr\\\/en\\\/#organization\"},\"potentialAction\":[{\"@type\":\"SearchAction\",\"target\":{\"@type\":\"EntryPoint\",\"urlTemplate\":\"https:\\\/\\\/misst.hr\\\/en\\\/?s={search_term_string}\"},\"query-input\":{\"@type\":\"PropertyValueSpecification\",\"valueRequired\":true,\"valueName\":\"search_term_string\"}}],\"inLanguage\":\"en-US\"},{\"@type\":\"Organization\",\"@id\":\"https:\\\/\\\/misst.hr\\\/en\\\/#organization\",\"name\":\"Misst d.o.o.\",\"url\":\"https:\\\/\\\/misst.hr\\\/en\\\/\",\"logo\":{\"@type\":\"ImageObject\",\"inLanguage\":\"en-US\",\"@id\":\"https:\\\/\\\/misst.hr\\\/en\\\/#\\\/schema\\\/logo\\\/image\\\/\",\"url\":\"https:\\\/\\\/misst.hr\\\/wp-content\\\/uploads\\\/2021\\\/07\\\/misst-1024x509-2.png\",\"contentUrl\":\"https:\\\/\\\/misst.hr\\\/wp-content\\\/uploads\\\/2021\\\/07\\\/misst-1024x509-2.png\",\"width\":1024,\"height\":509,\"caption\":\"Misst d.o.o.\"},\"image\":{\"@id\":\"https:\\\/\\\/misst.hr\\\/en\\\/#\\\/schema\\\/logo\\\/image\\\/\"},\"sameAs\":[\"https:\\\/\\\/www.facebook.com\\\/misstdoo\\\/\"]}]}<\/script>\n<!-- \/ Yoast SEO plugin. -->","yoast_head_json":{"title":"EVIN MAN &#8211; DEZODORANSI U SPREJU 150mL - Misst","robots":{"index":"index","follow":"follow","max-snippet":"max-snippet:-1","max-image-preview":"max-image-preview:large","max-video-preview":"max-video-preview:-1"},"canonical":"https:\/\/misst.hr\/en\/proizvod\/evin-man-dezodoransi-u-spreju-150ml\/","og_locale":"en_US","og_type":"article","og_title":"EVIN MAN &#8211; DEZODORANSI U SPREJU 150mL - Misst","og_description":"EVIN MAN &#8211; Linija mu\u0161kih dezodoranata za tijelo, u \u0161est razli\u010ditih mirisnih nota sa novim inovativnim klik-klak poklopcem i raspr\u0161iva\u010dem. 100625 &#8211; EVIN NEPTUN\u00a0 \u00a0 \u00a0 &#8211; 8007675733846 100626 &#8211; EVIN URANUS\u00a0 \u00a0 \u00a0 &#8211; 8007675733853 100627 &#8211; EVIN EARTH\u00a0 \u00a0 \u00a0 \u00a0 \u00a0&#8211; 8007675733860 100628 &#8211; EVIN MARS\u00a0 \u00a0 \u00a0 \u00a0 \u00a0 \u00a0&#8211; 8007675733877 [&hellip;]","og_url":"https:\/\/misst.hr\/en\/proizvod\/evin-man-dezodoransi-u-spreju-150ml\/","og_site_name":"Misst","article_publisher":"https:\/\/www.facebook.com\/misstdoo\/","og_image":[{"width":300,"height":225,"url":"https:\/\/misst.hr\/wp-content\/uploads\/2024\/06\/EVIN-HOMME_deo-persona_groupage-300x225-1.jpg","type":"image\/jpeg"}],"twitter_card":"summary_large_image","schema":{"@context":"https:\/\/schema.org","@graph":[{"@type":"WebPage","@id":"https:\/\/misst.hr\/en\/proizvod\/evin-man-dezodoransi-u-spreju-150ml\/","url":"https:\/\/misst.hr\/en\/proizvod\/evin-man-dezodoransi-u-spreju-150ml\/","name":"EVIN MAN &#8211; DEZODORANSI U SPREJU 150mL - Misst","isPartOf":{"@id":"https:\/\/misst.hr\/en\/#website"},"primaryImageOfPage":{"@id":"https:\/\/misst.hr\/en\/proizvod\/evin-man-dezodoransi-u-spreju-150ml\/#primaryimage"},"image":{"@id":"https:\/\/misst.hr\/en\/proizvod\/evin-man-dezodoransi-u-spreju-150ml\/#primaryimage"},"thumbnailUrl":"https:\/\/misst.hr\/wp-content\/uploads\/2024\/06\/EVIN-HOMME_deo-persona_groupage-300x225-1.jpg","datePublished":"2024-06-24T23:43:25+00:00","breadcrumb":{"@id":"https:\/\/misst.hr\/en\/proizvod\/evin-man-dezodoransi-u-spreju-150ml\/#breadcrumb"},"inLanguage":"en-US","potentialAction":[{"@type":"ReadAction","target":["https:\/\/misst.hr\/en\/proizvod\/evin-man-dezodoransi-u-spreju-150ml\/"]}]},{"@type":"ImageObject","inLanguage":"en-US","@id":"https:\/\/misst.hr\/en\/proizvod\/evin-man-dezodoransi-u-spreju-150ml\/#primaryimage","url":"https:\/\/misst.hr\/wp-content\/uploads\/2024\/06\/EVIN-HOMME_deo-persona_groupage-300x225-1.jpg","contentUrl":"https:\/\/misst.hr\/wp-content\/uploads\/2024\/06\/EVIN-HOMME_deo-persona_groupage-300x225-1.jpg","width":300,"height":225},{"@type":"BreadcrumbList","@id":"https:\/\/misst.hr\/en\/proizvod\/evin-man-dezodoransi-u-spreju-150ml\/#breadcrumb","itemListElement":[{"@type":"ListItem","position":1,"name":"Home","item":"https:\/\/misst.hr\/en\/"},{"@type":"ListItem","position":2,"name":"Trgovina","item":"https:\/\/misst.hr\/trgovina\/"},{"@type":"ListItem","position":3,"name":"EVIN MAN &#8211; DEZODORANSI U SPREJU 150mL"}]},{"@type":"WebSite","@id":"https:\/\/misst.hr\/en\/#website","url":"https:\/\/misst.hr\/en\/","name":"misst.hr","description":"Misst d.o.o - za trgovinu i usluge","publisher":{"@id":"https:\/\/misst.hr\/en\/#organization"},"potentialAction":[{"@type":"SearchAction","target":{"@type":"EntryPoint","urlTemplate":"https:\/\/misst.hr\/en\/?s={search_term_string}"},"query-input":{"@type":"PropertyValueSpecification","valueRequired":true,"valueName":"search_term_string"}}],"inLanguage":"en-US"},{"@type":"Organization","@id":"https:\/\/misst.hr\/en\/#organization","name":"Misst d.o.o.","url":"https:\/\/misst.hr\/en\/","logo":{"@type":"ImageObject","inLanguage":"en-US","@id":"https:\/\/misst.hr\/en\/#\/schema\/logo\/image\/","url":"https:\/\/misst.hr\/wp-content\/uploads\/2021\/07\/misst-1024x509-2.png","contentUrl":"https:\/\/misst.hr\/wp-content\/uploads\/2021\/07\/misst-1024x509-2.png","width":1024,"height":509,"caption":"Misst d.o.o."},"image":{"@id":"https:\/\/misst.hr\/en\/#\/schema\/logo\/image\/"},"sameAs":["https:\/\/www.facebook.com\/misstdoo\/"]}]}},"_links":{"self":[{"href":"https:\/\/misst.hr\/en\/wp-json\/wp\/v2\/product\/47104","targetHints":{"allow":["GET"]}}],"collection":[{"href":"https:\/\/misst.hr\/en\/wp-json\/wp\/v2\/product"}],"about":[{"href":"https:\/\/misst.hr\/en\/wp-json\/wp\/v2\/types\/product"}],"replies":[{"embeddable":true,"href":"https:\/\/misst.hr\/en\/wp-json\/wp\/v2\/comments?post=47104"}],"wp:featuredmedia":[{"embeddable":true,"href":"https:\/\/misst.hr\/en\/wp-json\/wp\/v2\/media\/47175"}],"wp:attachment":[{"href":"https:\/\/misst.hr\/en\/wp-json\/wp\/v2\/media?parent=47104"}],"wp:term":[{"taxonomy":"product_brand","embeddable":true,"href":"https:\/\/misst.hr\/en\/wp-json\/wp\/v2\/product_brand?post=47104"},{"taxonomy":"product_cat","embeddable":true,"href":"https:\/\/misst.hr\/en\/wp-json\/wp\/v2\/product_cat?post=47104"},{"taxonomy":"product_tag","embeddable":true,"href":"https:\/\/misst.hr\/en\/wp-json\/wp\/v2\/product_tag?post=47104"}],"curies":[{"name":"wp","href":"https:\/\/api.w.org\/{rel}","templated":true}]}}