{"id":46950,"date":"2024-06-19T23:17:26","date_gmt":"2024-06-19T23:17:26","guid":{"rendered":"https:\/\/novi.misst.hr\/?post_type=product&#038;p=46950"},"modified":"2024-06-26T16:53:16","modified_gmt":"2024-06-26T16:53:16","slug":"genera-sun-doccia-shampoo-doposole-verde","status":"publish","type":"product","link":"https:\/\/misst.hr\/en\/proizvod\/genera-sun-doccia-shampoo-doposole-verde\/","title":{"rendered":"GENERA SUN \u2013 DOCCIA SHAMPOO DOPOSOLE VERDE"},"content":{"rendered":"<p dir=\"ltr\" data-placeholder=\"Translation\" aria-label=\"Translated text\" data-ved=\"2ahUKEwjqw9rIi-aGAxWhhP0HHbDtCyAQ3ewLegQIExAU\">SUN LINE<\/p>\n<p class=\"tw-data-text tw-text-large tw-ta\" dir=\"ltr\" data-placeholder=\"Translation\" aria-label=\"Translated text\" data-ved=\"2ahUKEwjqw9rIi-aGAxWhhP0HHbDtCyAQ3ewLegQIExAU\"><span class=\"Y2IQFc\" lang=\"hr\">PROIZVODI ZA NJEGU I ZA\u0160TITU OD SUNCA ZA CIJELU OBITELJ<br \/>\n<\/span><span class=\"Y2IQFc\" lang=\"hr\">Za\u0161titno djelovanje osigravaju kemijski UVA i UVB filteri. Formuliran s omek\u0161uju\u0107im uljima za njegu ko\u017ee; vitamin E i drugi \u010dimbenici hidratacije euderme karakteriziraju liniju. Proizvedeno u skladu s Preporukom Europske komisije od 22. rujna 2006. br. 2006\/647\/EZ.<\/span><\/p>\n<p class=\"tw-data-text tw-text-large tw-ta\" dir=\"ltr\" data-placeholder=\"Translation\" aria-label=\"Translated text\" data-ved=\"2ahUKEwjqw9rIi-aGAxWhhP0HHbDtCyAQ3ewLegQIExAU\"><span class=\"Y2IQFc\" lang=\"hr\">Osvje\u017eavaju\u0107i \u0161ampon za poslije izlaganja suncu i morskoj vodi.Omek\u0161ava i \u010disti ko\u017eu.S ekstraktom Aoe Vere, ljuske oraha i kokosa.Pospje\u0161uje zadr\u017eavanju bron\u010dane i preplanule boje ko\u017ee. Preporu\u010da se koristiti prije nano\u0161enja Genera Sun Losiona DopoSole.<br \/>\nDermatolo\u0161ki ispitano.<\/span><\/p>\n","protected":false},"excerpt":{"rendered":"<p>SUN LINE PROIZVODI ZA NJEGU I ZA\u0160TITU OD SUNCA ZA CIJELU OBITELJ Za\u0161titno djelovanje osigravaju kemijski UVA i UVB filteri. Formuliran s omek\u0161uju\u0107im uljima za njegu ko\u017ee; vitamin E i drugi \u010dimbenici hidratacije euderme karakteriziraju liniju. Proizvedeno u skladu s Preporukom Europske komisije od 22. rujna 2006. br. 2006\/647\/EZ. Osvje\u017eavaju\u0107i \u0161ampon za poslije izlaganja suncu [&hellip;]<\/p>\n","protected":false},"featured_media":46933,"comment_status":"open","ping_status":"closed","template":"","meta":{"_monsterinsights_skip_tracking":false,"_monsterinsights_sitenote_active":false,"_monsterinsights_sitenote_note":"","_monsterinsights_sitenote_category":0},"product_brand":[171,367],"product_cat":[219,235,186,205,194,107,331,232],"product_tag":[343],"class_list":{"0":"post-46950","1":"product","2":"type-product","3":"status-publish","4":"has-post-thumbnail","6":"proizvodaci-fairness-srl","7":"product_brand-genera","8":"product_brand-sun-line","9":"product_cat-intimna-njega","10":"product_cat-kreme-za-tijelo","11":"product_cat-njega-lica","12":"product_cat-njega-ruku-i-stopala","13":"product_cat-njega-tijela","14":"product_cat-tusiranje","15":"product_cat-sun-line","16":"product_cat-svijet-beba","17":"product_tag-343","20":"first","21":"instock","22":"shipping-taxable","23":"product-type-simple"},"acf":[],"yoast_head":"<!-- This site is optimized with the Yoast SEO plugin v27.3 - https:\/\/yoast.com\/product\/yoast-seo-wordpress\/ -->\n<title>GENERA SUN \u2013 DOCCIA SHAMPOO DOPOSOLE VERDE - Misst<\/title>\n<meta name=\"robots\" content=\"index, follow, max-snippet:-1, max-image-preview:large, max-video-preview:-1\" \/>\n<link rel=\"canonical\" href=\"https:\/\/misst.hr\/en\/proizvod\/genera-sun-doccia-shampoo-doposole-verde\/\" \/>\n<meta property=\"og:locale\" content=\"en_US\" \/>\n<meta property=\"og:type\" content=\"article\" \/>\n<meta property=\"og:title\" content=\"GENERA SUN \u2013 DOCCIA SHAMPOO DOPOSOLE VERDE - Misst\" \/>\n<meta property=\"og:description\" content=\"SUN LINE PROIZVODI ZA NJEGU I ZA\u0160TITU OD SUNCA ZA CIJELU OBITELJ Za\u0161titno djelovanje osigravaju kemijski UVA i UVB filteri. Formuliran s omek\u0161uju\u0107im uljima za njegu ko\u017ee; vitamin E i drugi \u010dimbenici hidratacije euderme karakteriziraju liniju. Proizvedeno u skladu s Preporukom Europske komisije od 22. rujna 2006. br. 2006\/647\/EZ. Osvje\u017eavaju\u0107i \u0161ampon za poslije izlaganja suncu [&hellip;]\" \/>\n<meta property=\"og:url\" content=\"https:\/\/misst.hr\/en\/proizvod\/genera-sun-doccia-shampoo-doposole-verde\/\" \/>\n<meta property=\"og:site_name\" content=\"Misst\" \/>\n<meta property=\"article:publisher\" content=\"https:\/\/www.facebook.com\/misstdoo\/\" \/>\n<meta property=\"article:modified_time\" content=\"2024-06-26T16:53:16+00:00\" \/>\n<meta property=\"og:image\" content=\"https:\/\/misst.hr\/wp-content\/uploads\/2024\/06\/sun-shampoo-dopo-sole-zeleni.jpg\" \/>\n\t<meta property=\"og:image:width\" content=\"1092\" \/>\n\t<meta property=\"og:image:height\" content=\"2469\" \/>\n\t<meta property=\"og:image:type\" content=\"image\/jpeg\" \/>\n<meta name=\"twitter:card\" content=\"summary_large_image\" \/>\n<meta name=\"twitter:label1\" content=\"Est. reading time\" \/>\n\t<meta name=\"twitter:data1\" content=\"1 minute\" \/>\n<script type=\"application\/ld+json\" class=\"yoast-schema-graph\">{\"@context\":\"https:\\\/\\\/schema.org\",\"@graph\":[{\"@type\":\"WebPage\",\"@id\":\"https:\\\/\\\/misst.hr\\\/en\\\/proizvod\\\/genera-sun-doccia-shampoo-doposole-verde\\\/\",\"url\":\"https:\\\/\\\/misst.hr\\\/en\\\/proizvod\\\/genera-sun-doccia-shampoo-doposole-verde\\\/\",\"name\":\"GENERA SUN \u2013 DOCCIA SHAMPOO DOPOSOLE VERDE - Misst\",\"isPartOf\":{\"@id\":\"https:\\\/\\\/misst.hr\\\/en\\\/#website\"},\"primaryImageOfPage\":{\"@id\":\"https:\\\/\\\/misst.hr\\\/en\\\/proizvod\\\/genera-sun-doccia-shampoo-doposole-verde\\\/#primaryimage\"},\"image\":{\"@id\":\"https:\\\/\\\/misst.hr\\\/en\\\/proizvod\\\/genera-sun-doccia-shampoo-doposole-verde\\\/#primaryimage\"},\"thumbnailUrl\":\"https:\\\/\\\/misst.hr\\\/wp-content\\\/uploads\\\/2024\\\/06\\\/sun-shampoo-dopo-sole-zeleni.jpg\",\"datePublished\":\"2024-06-19T23:17:26+00:00\",\"dateModified\":\"2024-06-26T16:53:16+00:00\",\"breadcrumb\":{\"@id\":\"https:\\\/\\\/misst.hr\\\/en\\\/proizvod\\\/genera-sun-doccia-shampoo-doposole-verde\\\/#breadcrumb\"},\"inLanguage\":\"en-US\",\"potentialAction\":[{\"@type\":\"ReadAction\",\"target\":[\"https:\\\/\\\/misst.hr\\\/en\\\/proizvod\\\/genera-sun-doccia-shampoo-doposole-verde\\\/\"]}]},{\"@type\":\"ImageObject\",\"inLanguage\":\"en-US\",\"@id\":\"https:\\\/\\\/misst.hr\\\/en\\\/proizvod\\\/genera-sun-doccia-shampoo-doposole-verde\\\/#primaryimage\",\"url\":\"https:\\\/\\\/misst.hr\\\/wp-content\\\/uploads\\\/2024\\\/06\\\/sun-shampoo-dopo-sole-zeleni.jpg\",\"contentUrl\":\"https:\\\/\\\/misst.hr\\\/wp-content\\\/uploads\\\/2024\\\/06\\\/sun-shampoo-dopo-sole-zeleni.jpg\",\"width\":1092,\"height\":2469},{\"@type\":\"BreadcrumbList\",\"@id\":\"https:\\\/\\\/misst.hr\\\/en\\\/proizvod\\\/genera-sun-doccia-shampoo-doposole-verde\\\/#breadcrumb\",\"itemListElement\":[{\"@type\":\"ListItem\",\"position\":1,\"name\":\"Home\",\"item\":\"https:\\\/\\\/misst.hr\\\/en\\\/\"},{\"@type\":\"ListItem\",\"position\":2,\"name\":\"Trgovina\",\"item\":\"https:\\\/\\\/misst.hr\\\/trgovina\\\/\"},{\"@type\":\"ListItem\",\"position\":3,\"name\":\"GENERA SUN \u2013 DOCCIA SHAMPOO DOPOSOLE VERDE\"}]},{\"@type\":\"WebSite\",\"@id\":\"https:\\\/\\\/misst.hr\\\/en\\\/#website\",\"url\":\"https:\\\/\\\/misst.hr\\\/en\\\/\",\"name\":\"misst.hr\",\"description\":\"Misst d.o.o - za trgovinu i usluge\",\"publisher\":{\"@id\":\"https:\\\/\\\/misst.hr\\\/en\\\/#organization\"},\"potentialAction\":[{\"@type\":\"SearchAction\",\"target\":{\"@type\":\"EntryPoint\",\"urlTemplate\":\"https:\\\/\\\/misst.hr\\\/en\\\/?s={search_term_string}\"},\"query-input\":{\"@type\":\"PropertyValueSpecification\",\"valueRequired\":true,\"valueName\":\"search_term_string\"}}],\"inLanguage\":\"en-US\"},{\"@type\":\"Organization\",\"@id\":\"https:\\\/\\\/misst.hr\\\/en\\\/#organization\",\"name\":\"Misst d.o.o.\",\"url\":\"https:\\\/\\\/misst.hr\\\/en\\\/\",\"logo\":{\"@type\":\"ImageObject\",\"inLanguage\":\"en-US\",\"@id\":\"https:\\\/\\\/misst.hr\\\/en\\\/#\\\/schema\\\/logo\\\/image\\\/\",\"url\":\"https:\\\/\\\/misst.hr\\\/wp-content\\\/uploads\\\/2021\\\/07\\\/misst-1024x509-2.png\",\"contentUrl\":\"https:\\\/\\\/misst.hr\\\/wp-content\\\/uploads\\\/2021\\\/07\\\/misst-1024x509-2.png\",\"width\":1024,\"height\":509,\"caption\":\"Misst d.o.o.\"},\"image\":{\"@id\":\"https:\\\/\\\/misst.hr\\\/en\\\/#\\\/schema\\\/logo\\\/image\\\/\"},\"sameAs\":[\"https:\\\/\\\/www.facebook.com\\\/misstdoo\\\/\"]}]}<\/script>\n<!-- \/ Yoast SEO plugin. -->","yoast_head_json":{"title":"GENERA SUN \u2013 DOCCIA SHAMPOO DOPOSOLE VERDE - Misst","robots":{"index":"index","follow":"follow","max-snippet":"max-snippet:-1","max-image-preview":"max-image-preview:large","max-video-preview":"max-video-preview:-1"},"canonical":"https:\/\/misst.hr\/en\/proizvod\/genera-sun-doccia-shampoo-doposole-verde\/","og_locale":"en_US","og_type":"article","og_title":"GENERA SUN \u2013 DOCCIA SHAMPOO DOPOSOLE VERDE - Misst","og_description":"SUN LINE PROIZVODI ZA NJEGU I ZA\u0160TITU OD SUNCA ZA CIJELU OBITELJ Za\u0161titno djelovanje osigravaju kemijski UVA i UVB filteri. Formuliran s omek\u0161uju\u0107im uljima za njegu ko\u017ee; vitamin E i drugi \u010dimbenici hidratacije euderme karakteriziraju liniju. Proizvedeno u skladu s Preporukom Europske komisije od 22. rujna 2006. br. 2006\/647\/EZ. Osvje\u017eavaju\u0107i \u0161ampon za poslije izlaganja suncu [&hellip;]","og_url":"https:\/\/misst.hr\/en\/proizvod\/genera-sun-doccia-shampoo-doposole-verde\/","og_site_name":"Misst","article_publisher":"https:\/\/www.facebook.com\/misstdoo\/","article_modified_time":"2024-06-26T16:53:16+00:00","og_image":[{"width":1092,"height":2469,"url":"https:\/\/misst.hr\/wp-content\/uploads\/2024\/06\/sun-shampoo-dopo-sole-zeleni.jpg","type":"image\/jpeg"}],"twitter_card":"summary_large_image","twitter_misc":{"Est. reading time":"1 minute"},"schema":{"@context":"https:\/\/schema.org","@graph":[{"@type":"WebPage","@id":"https:\/\/misst.hr\/en\/proizvod\/genera-sun-doccia-shampoo-doposole-verde\/","url":"https:\/\/misst.hr\/en\/proizvod\/genera-sun-doccia-shampoo-doposole-verde\/","name":"GENERA SUN \u2013 DOCCIA SHAMPOO DOPOSOLE VERDE - Misst","isPartOf":{"@id":"https:\/\/misst.hr\/en\/#website"},"primaryImageOfPage":{"@id":"https:\/\/misst.hr\/en\/proizvod\/genera-sun-doccia-shampoo-doposole-verde\/#primaryimage"},"image":{"@id":"https:\/\/misst.hr\/en\/proizvod\/genera-sun-doccia-shampoo-doposole-verde\/#primaryimage"},"thumbnailUrl":"https:\/\/misst.hr\/wp-content\/uploads\/2024\/06\/sun-shampoo-dopo-sole-zeleni.jpg","datePublished":"2024-06-19T23:17:26+00:00","dateModified":"2024-06-26T16:53:16+00:00","breadcrumb":{"@id":"https:\/\/misst.hr\/en\/proizvod\/genera-sun-doccia-shampoo-doposole-verde\/#breadcrumb"},"inLanguage":"en-US","potentialAction":[{"@type":"ReadAction","target":["https:\/\/misst.hr\/en\/proizvod\/genera-sun-doccia-shampoo-doposole-verde\/"]}]},{"@type":"ImageObject","inLanguage":"en-US","@id":"https:\/\/misst.hr\/en\/proizvod\/genera-sun-doccia-shampoo-doposole-verde\/#primaryimage","url":"https:\/\/misst.hr\/wp-content\/uploads\/2024\/06\/sun-shampoo-dopo-sole-zeleni.jpg","contentUrl":"https:\/\/misst.hr\/wp-content\/uploads\/2024\/06\/sun-shampoo-dopo-sole-zeleni.jpg","width":1092,"height":2469},{"@type":"BreadcrumbList","@id":"https:\/\/misst.hr\/en\/proizvod\/genera-sun-doccia-shampoo-doposole-verde\/#breadcrumb","itemListElement":[{"@type":"ListItem","position":1,"name":"Home","item":"https:\/\/misst.hr\/en\/"},{"@type":"ListItem","position":2,"name":"Trgovina","item":"https:\/\/misst.hr\/trgovina\/"},{"@type":"ListItem","position":3,"name":"GENERA SUN \u2013 DOCCIA SHAMPOO DOPOSOLE VERDE"}]},{"@type":"WebSite","@id":"https:\/\/misst.hr\/en\/#website","url":"https:\/\/misst.hr\/en\/","name":"misst.hr","description":"Misst d.o.o - za trgovinu i usluge","publisher":{"@id":"https:\/\/misst.hr\/en\/#organization"},"potentialAction":[{"@type":"SearchAction","target":{"@type":"EntryPoint","urlTemplate":"https:\/\/misst.hr\/en\/?s={search_term_string}"},"query-input":{"@type":"PropertyValueSpecification","valueRequired":true,"valueName":"search_term_string"}}],"inLanguage":"en-US"},{"@type":"Organization","@id":"https:\/\/misst.hr\/en\/#organization","name":"Misst d.o.o.","url":"https:\/\/misst.hr\/en\/","logo":{"@type":"ImageObject","inLanguage":"en-US","@id":"https:\/\/misst.hr\/en\/#\/schema\/logo\/image\/","url":"https:\/\/misst.hr\/wp-content\/uploads\/2021\/07\/misst-1024x509-2.png","contentUrl":"https:\/\/misst.hr\/wp-content\/uploads\/2021\/07\/misst-1024x509-2.png","width":1024,"height":509,"caption":"Misst d.o.o."},"image":{"@id":"https:\/\/misst.hr\/en\/#\/schema\/logo\/image\/"},"sameAs":["https:\/\/www.facebook.com\/misstdoo\/"]}]}},"_links":{"self":[{"href":"https:\/\/misst.hr\/en\/wp-json\/wp\/v2\/product\/46950","targetHints":{"allow":["GET"]}}],"collection":[{"href":"https:\/\/misst.hr\/en\/wp-json\/wp\/v2\/product"}],"about":[{"href":"https:\/\/misst.hr\/en\/wp-json\/wp\/v2\/types\/product"}],"replies":[{"embeddable":true,"href":"https:\/\/misst.hr\/en\/wp-json\/wp\/v2\/comments?post=46950"}],"wp:featuredmedia":[{"embeddable":true,"href":"https:\/\/misst.hr\/en\/wp-json\/wp\/v2\/media\/46933"}],"wp:attachment":[{"href":"https:\/\/misst.hr\/en\/wp-json\/wp\/v2\/media?parent=46950"}],"wp:term":[{"taxonomy":"product_brand","embeddable":true,"href":"https:\/\/misst.hr\/en\/wp-json\/wp\/v2\/product_brand?post=46950"},{"taxonomy":"product_cat","embeddable":true,"href":"https:\/\/misst.hr\/en\/wp-json\/wp\/v2\/product_cat?post=46950"},{"taxonomy":"product_tag","embeddable":true,"href":"https:\/\/misst.hr\/en\/wp-json\/wp\/v2\/product_tag?post=46950"}],"curies":[{"name":"wp","href":"https:\/\/api.w.org\/{rel}","templated":true}]}}