{"id":46612,"date":"2024-06-17T21:54:45","date_gmt":"2024-06-17T21:54:45","guid":{"rendered":"https:\/\/novi.misst.hr\/?post_type=product&#038;p=46612"},"modified":"2024-06-26T17:24:04","modified_gmt":"2024-06-26T17:24:04","slug":"genera-shampoo-bagno-doccia-love-vellutante","status":"publish","type":"product","link":"https:\/\/misst.hr\/en\/proizvod\/genera-shampoo-bagno-doccia-love-vellutante\/","title":{"rendered":"GENERA \u2013 BAGNO DOCCIA LOVE Vellutante"},"content":{"rendered":"<p>DOLCE NATURA LINE<\/p>\n<p>Linija za higijenu i njegu tijela oboga\u0107ena biljnim ekstraktima cvije\u0107a i vo\u0107a.<br \/>\nMje\u0161avine kombiniraju hidratantne i omek\u0161avaju\u0107e povr\u0161inski aktivne tvari sa svijetlim bojama i ugodnim mirisima.<\/p>\n<p id=\"tw-target-text\" class=\"tw-data-text tw-text-large tw-ta\" dir=\"ltr\" data-placeholder=\"Translation\" aria-label=\"Translated text\" data-ved=\"2ahUKEwjJgpuC5OKGAxX-8QIHHVgXAG0Q3ewLegQIBRAU\"><span class=\"Y2IQFc\" lang=\"hr\">Kupka za tijelo s bar\u0161unastim u\u010dinkom.S ru\u017eom Damaska i ri\u017eom .Oboga\u0107ena prirodnim ekstraktima, njegova meka obavijaju\u0107a pjena ostavlja va\u0161u ko\u017eu nje\u017enom i bar\u0161unastom. Osje\u0107aj ugodnog blagostanja zahvaljuju\u0107i kombinaciji nje\u017enih i elegantnih mirisa. Nje\u017ena formula.<\/span><\/p>\n<p id=\"tw-target-text\" class=\"tw-data-text tw-text-large tw-ta\" dir=\"ltr\" data-placeholder=\"Translation\" aria-label=\"Translated text\" data-ved=\"2ahUKEwjJgpuC5OKGAxX-8QIHHVgXAG0Q3ewLegQIBRAU\"><span class=\"Y2IQFc\" lang=\"hr\">\u00a0<\/span><\/p>\n","protected":false},"excerpt":{"rendered":"<p>DOLCE NATURA LINE Linija za higijenu i njegu tijela oboga\u0107ena biljnim ekstraktima cvije\u0107a i vo\u0107a. Mje\u0161avine kombiniraju hidratantne i omek\u0161avaju\u0107e povr\u0161inski aktivne tvari sa svijetlim bojama i ugodnim mirisima. Kupka za tijelo s bar\u0161unastim u\u010dinkom.S ru\u017eom Damaska i ri\u017eom .Oboga\u0107ena prirodnim ekstraktima, njegova meka obavijaju\u0107a pjena ostavlja va\u0161u ko\u017eu nje\u017enom i bar\u0161unastom. Osje\u0107aj ugodnog blagostanja [&hellip;]<\/p>\n","protected":false},"featured_media":46610,"comment_status":"open","ping_status":"closed","template":"","meta":{"_monsterinsights_skip_tracking":false,"_monsterinsights_sitenote_active":false,"_monsterinsights_sitenote_note":"","_monsterinsights_sitenote_category":0},"product_brand":[361,171],"product_cat":[194,107],"product_tag":[244],"class_list":{"0":"post-46612","1":"product","2":"type-product","3":"status-publish","4":"has-post-thumbnail","6":"proizvodaci-fairness-srl","7":"product_brand-dolce-natura-line","8":"product_brand-genera","9":"product_cat-njega-tijela","10":"product_cat-tusiranje","11":"product_tag-244","14":"first","15":"instock","16":"shipping-taxable","17":"product-type-simple"},"acf":[],"yoast_head":"<!-- This site is optimized with the Yoast SEO plugin v27.3 - https:\/\/yoast.com\/product\/yoast-seo-wordpress\/ -->\n<title>GENERA \u2013 BAGNO DOCCIA LOVE Vellutante - Misst<\/title>\n<meta name=\"robots\" content=\"index, follow, max-snippet:-1, max-image-preview:large, max-video-preview:-1\" \/>\n<link rel=\"canonical\" href=\"https:\/\/misst.hr\/en\/proizvod\/genera-shampoo-bagno-doccia-love-vellutante\/\" \/>\n<meta property=\"og:locale\" content=\"en_US\" \/>\n<meta property=\"og:type\" content=\"article\" \/>\n<meta property=\"og:title\" content=\"GENERA \u2013 BAGNO DOCCIA LOVE Vellutante - Misst\" \/>\n<meta property=\"og:description\" content=\"DOLCE NATURA LINE Linija za higijenu i njegu tijela oboga\u0107ena biljnim ekstraktima cvije\u0107a i vo\u0107a. Mje\u0161avine kombiniraju hidratantne i omek\u0161avaju\u0107e povr\u0161inski aktivne tvari sa svijetlim bojama i ugodnim mirisima. Kupka za tijelo s bar\u0161unastim u\u010dinkom.S ru\u017eom Damaska i ri\u017eom .Oboga\u0107ena prirodnim ekstraktima, njegova meka obavijaju\u0107a pjena ostavlja va\u0161u ko\u017eu nje\u017enom i bar\u0161unastom. Osje\u0107aj ugodnog blagostanja [&hellip;]\" \/>\n<meta property=\"og:url\" content=\"https:\/\/misst.hr\/en\/proizvod\/genera-shampoo-bagno-doccia-love-vellutante\/\" \/>\n<meta property=\"og:site_name\" content=\"Misst\" \/>\n<meta property=\"article:publisher\" content=\"https:\/\/www.facebook.com\/misstdoo\/\" \/>\n<meta property=\"article:modified_time\" content=\"2024-06-26T17:24:04+00:00\" \/>\n<meta property=\"og:image\" content=\"https:\/\/misst.hr\/wp-content\/uploads\/2024\/06\/bagno-doccia-love-2812172.webp\" \/>\n\t<meta property=\"og:image:width\" content=\"800\" \/>\n\t<meta property=\"og:image:height\" content=\"800\" \/>\n\t<meta property=\"og:image:type\" content=\"image\/webp\" \/>\n<meta name=\"twitter:card\" content=\"summary_large_image\" \/>\n<script type=\"application\/ld+json\" class=\"yoast-schema-graph\">{\"@context\":\"https:\\\/\\\/schema.org\",\"@graph\":[{\"@type\":\"WebPage\",\"@id\":\"https:\\\/\\\/misst.hr\\\/en\\\/proizvod\\\/genera-shampoo-bagno-doccia-love-vellutante\\\/\",\"url\":\"https:\\\/\\\/misst.hr\\\/en\\\/proizvod\\\/genera-shampoo-bagno-doccia-love-vellutante\\\/\",\"name\":\"GENERA \u2013 BAGNO DOCCIA LOVE Vellutante - Misst\",\"isPartOf\":{\"@id\":\"https:\\\/\\\/misst.hr\\\/en\\\/#website\"},\"primaryImageOfPage\":{\"@id\":\"https:\\\/\\\/misst.hr\\\/en\\\/proizvod\\\/genera-shampoo-bagno-doccia-love-vellutante\\\/#primaryimage\"},\"image\":{\"@id\":\"https:\\\/\\\/misst.hr\\\/en\\\/proizvod\\\/genera-shampoo-bagno-doccia-love-vellutante\\\/#primaryimage\"},\"thumbnailUrl\":\"https:\\\/\\\/misst.hr\\\/wp-content\\\/uploads\\\/2024\\\/06\\\/bagno-doccia-love-2812172.webp\",\"datePublished\":\"2024-06-17T21:54:45+00:00\",\"dateModified\":\"2024-06-26T17:24:04+00:00\",\"breadcrumb\":{\"@id\":\"https:\\\/\\\/misst.hr\\\/en\\\/proizvod\\\/genera-shampoo-bagno-doccia-love-vellutante\\\/#breadcrumb\"},\"inLanguage\":\"en-US\",\"potentialAction\":[{\"@type\":\"ReadAction\",\"target\":[\"https:\\\/\\\/misst.hr\\\/en\\\/proizvod\\\/genera-shampoo-bagno-doccia-love-vellutante\\\/\"]}]},{\"@type\":\"ImageObject\",\"inLanguage\":\"en-US\",\"@id\":\"https:\\\/\\\/misst.hr\\\/en\\\/proizvod\\\/genera-shampoo-bagno-doccia-love-vellutante\\\/#primaryimage\",\"url\":\"https:\\\/\\\/misst.hr\\\/wp-content\\\/uploads\\\/2024\\\/06\\\/bagno-doccia-love-2812172.webp\",\"contentUrl\":\"https:\\\/\\\/misst.hr\\\/wp-content\\\/uploads\\\/2024\\\/06\\\/bagno-doccia-love-2812172.webp\",\"width\":800,\"height\":800},{\"@type\":\"BreadcrumbList\",\"@id\":\"https:\\\/\\\/misst.hr\\\/en\\\/proizvod\\\/genera-shampoo-bagno-doccia-love-vellutante\\\/#breadcrumb\",\"itemListElement\":[{\"@type\":\"ListItem\",\"position\":1,\"name\":\"Home\",\"item\":\"https:\\\/\\\/misst.hr\\\/en\\\/\"},{\"@type\":\"ListItem\",\"position\":2,\"name\":\"Trgovina\",\"item\":\"https:\\\/\\\/misst.hr\\\/trgovina\\\/\"},{\"@type\":\"ListItem\",\"position\":3,\"name\":\"GENERA \u2013 BAGNO DOCCIA LOVE Vellutante\"}]},{\"@type\":\"WebSite\",\"@id\":\"https:\\\/\\\/misst.hr\\\/en\\\/#website\",\"url\":\"https:\\\/\\\/misst.hr\\\/en\\\/\",\"name\":\"misst.hr\",\"description\":\"Misst d.o.o - za trgovinu i usluge\",\"publisher\":{\"@id\":\"https:\\\/\\\/misst.hr\\\/en\\\/#organization\"},\"potentialAction\":[{\"@type\":\"SearchAction\",\"target\":{\"@type\":\"EntryPoint\",\"urlTemplate\":\"https:\\\/\\\/misst.hr\\\/en\\\/?s={search_term_string}\"},\"query-input\":{\"@type\":\"PropertyValueSpecification\",\"valueRequired\":true,\"valueName\":\"search_term_string\"}}],\"inLanguage\":\"en-US\"},{\"@type\":\"Organization\",\"@id\":\"https:\\\/\\\/misst.hr\\\/en\\\/#organization\",\"name\":\"Misst d.o.o.\",\"url\":\"https:\\\/\\\/misst.hr\\\/en\\\/\",\"logo\":{\"@type\":\"ImageObject\",\"inLanguage\":\"en-US\",\"@id\":\"https:\\\/\\\/misst.hr\\\/en\\\/#\\\/schema\\\/logo\\\/image\\\/\",\"url\":\"https:\\\/\\\/misst.hr\\\/wp-content\\\/uploads\\\/2021\\\/07\\\/misst-1024x509-2.png\",\"contentUrl\":\"https:\\\/\\\/misst.hr\\\/wp-content\\\/uploads\\\/2021\\\/07\\\/misst-1024x509-2.png\",\"width\":1024,\"height\":509,\"caption\":\"Misst d.o.o.\"},\"image\":{\"@id\":\"https:\\\/\\\/misst.hr\\\/en\\\/#\\\/schema\\\/logo\\\/image\\\/\"},\"sameAs\":[\"https:\\\/\\\/www.facebook.com\\\/misstdoo\\\/\"]}]}<\/script>\n<!-- \/ Yoast SEO plugin. -->","yoast_head_json":{"title":"GENERA \u2013 BAGNO DOCCIA LOVE Vellutante - Misst","robots":{"index":"index","follow":"follow","max-snippet":"max-snippet:-1","max-image-preview":"max-image-preview:large","max-video-preview":"max-video-preview:-1"},"canonical":"https:\/\/misst.hr\/en\/proizvod\/genera-shampoo-bagno-doccia-love-vellutante\/","og_locale":"en_US","og_type":"article","og_title":"GENERA \u2013 BAGNO DOCCIA LOVE Vellutante - Misst","og_description":"DOLCE NATURA LINE Linija za higijenu i njegu tijela oboga\u0107ena biljnim ekstraktima cvije\u0107a i vo\u0107a. Mje\u0161avine kombiniraju hidratantne i omek\u0161avaju\u0107e povr\u0161inski aktivne tvari sa svijetlim bojama i ugodnim mirisima. Kupka za tijelo s bar\u0161unastim u\u010dinkom.S ru\u017eom Damaska i ri\u017eom .Oboga\u0107ena prirodnim ekstraktima, njegova meka obavijaju\u0107a pjena ostavlja va\u0161u ko\u017eu nje\u017enom i bar\u0161unastom. Osje\u0107aj ugodnog blagostanja [&hellip;]","og_url":"https:\/\/misst.hr\/en\/proizvod\/genera-shampoo-bagno-doccia-love-vellutante\/","og_site_name":"Misst","article_publisher":"https:\/\/www.facebook.com\/misstdoo\/","article_modified_time":"2024-06-26T17:24:04+00:00","og_image":[{"width":800,"height":800,"url":"https:\/\/misst.hr\/wp-content\/uploads\/2024\/06\/bagno-doccia-love-2812172.webp","type":"image\/webp"}],"twitter_card":"summary_large_image","schema":{"@context":"https:\/\/schema.org","@graph":[{"@type":"WebPage","@id":"https:\/\/misst.hr\/en\/proizvod\/genera-shampoo-bagno-doccia-love-vellutante\/","url":"https:\/\/misst.hr\/en\/proizvod\/genera-shampoo-bagno-doccia-love-vellutante\/","name":"GENERA \u2013 BAGNO DOCCIA LOVE Vellutante - Misst","isPartOf":{"@id":"https:\/\/misst.hr\/en\/#website"},"primaryImageOfPage":{"@id":"https:\/\/misst.hr\/en\/proizvod\/genera-shampoo-bagno-doccia-love-vellutante\/#primaryimage"},"image":{"@id":"https:\/\/misst.hr\/en\/proizvod\/genera-shampoo-bagno-doccia-love-vellutante\/#primaryimage"},"thumbnailUrl":"https:\/\/misst.hr\/wp-content\/uploads\/2024\/06\/bagno-doccia-love-2812172.webp","datePublished":"2024-06-17T21:54:45+00:00","dateModified":"2024-06-26T17:24:04+00:00","breadcrumb":{"@id":"https:\/\/misst.hr\/en\/proizvod\/genera-shampoo-bagno-doccia-love-vellutante\/#breadcrumb"},"inLanguage":"en-US","potentialAction":[{"@type":"ReadAction","target":["https:\/\/misst.hr\/en\/proizvod\/genera-shampoo-bagno-doccia-love-vellutante\/"]}]},{"@type":"ImageObject","inLanguage":"en-US","@id":"https:\/\/misst.hr\/en\/proizvod\/genera-shampoo-bagno-doccia-love-vellutante\/#primaryimage","url":"https:\/\/misst.hr\/wp-content\/uploads\/2024\/06\/bagno-doccia-love-2812172.webp","contentUrl":"https:\/\/misst.hr\/wp-content\/uploads\/2024\/06\/bagno-doccia-love-2812172.webp","width":800,"height":800},{"@type":"BreadcrumbList","@id":"https:\/\/misst.hr\/en\/proizvod\/genera-shampoo-bagno-doccia-love-vellutante\/#breadcrumb","itemListElement":[{"@type":"ListItem","position":1,"name":"Home","item":"https:\/\/misst.hr\/en\/"},{"@type":"ListItem","position":2,"name":"Trgovina","item":"https:\/\/misst.hr\/trgovina\/"},{"@type":"ListItem","position":3,"name":"GENERA \u2013 BAGNO DOCCIA LOVE Vellutante"}]},{"@type":"WebSite","@id":"https:\/\/misst.hr\/en\/#website","url":"https:\/\/misst.hr\/en\/","name":"misst.hr","description":"Misst d.o.o - za trgovinu i usluge","publisher":{"@id":"https:\/\/misst.hr\/en\/#organization"},"potentialAction":[{"@type":"SearchAction","target":{"@type":"EntryPoint","urlTemplate":"https:\/\/misst.hr\/en\/?s={search_term_string}"},"query-input":{"@type":"PropertyValueSpecification","valueRequired":true,"valueName":"search_term_string"}}],"inLanguage":"en-US"},{"@type":"Organization","@id":"https:\/\/misst.hr\/en\/#organization","name":"Misst d.o.o.","url":"https:\/\/misst.hr\/en\/","logo":{"@type":"ImageObject","inLanguage":"en-US","@id":"https:\/\/misst.hr\/en\/#\/schema\/logo\/image\/","url":"https:\/\/misst.hr\/wp-content\/uploads\/2021\/07\/misst-1024x509-2.png","contentUrl":"https:\/\/misst.hr\/wp-content\/uploads\/2021\/07\/misst-1024x509-2.png","width":1024,"height":509,"caption":"Misst d.o.o."},"image":{"@id":"https:\/\/misst.hr\/en\/#\/schema\/logo\/image\/"},"sameAs":["https:\/\/www.facebook.com\/misstdoo\/"]}]}},"_links":{"self":[{"href":"https:\/\/misst.hr\/en\/wp-json\/wp\/v2\/product\/46612","targetHints":{"allow":["GET"]}}],"collection":[{"href":"https:\/\/misst.hr\/en\/wp-json\/wp\/v2\/product"}],"about":[{"href":"https:\/\/misst.hr\/en\/wp-json\/wp\/v2\/types\/product"}],"replies":[{"embeddable":true,"href":"https:\/\/misst.hr\/en\/wp-json\/wp\/v2\/comments?post=46612"}],"wp:featuredmedia":[{"embeddable":true,"href":"https:\/\/misst.hr\/en\/wp-json\/wp\/v2\/media\/46610"}],"wp:attachment":[{"href":"https:\/\/misst.hr\/en\/wp-json\/wp\/v2\/media?parent=46612"}],"wp:term":[{"taxonomy":"product_brand","embeddable":true,"href":"https:\/\/misst.hr\/en\/wp-json\/wp\/v2\/product_brand?post=46612"},{"taxonomy":"product_cat","embeddable":true,"href":"https:\/\/misst.hr\/en\/wp-json\/wp\/v2\/product_cat?post=46612"},{"taxonomy":"product_tag","embeddable":true,"href":"https:\/\/misst.hr\/en\/wp-json\/wp\/v2\/product_tag?post=46612"}],"curies":[{"name":"wp","href":"https:\/\/api.w.org\/{rel}","templated":true}]}}