{"id":46562,"date":"2024-06-15T13:18:48","date_gmt":"2024-06-15T13:18:48","guid":{"rendered":"https:\/\/novi.misst.hr\/?post_type=product&#038;p=46562"},"modified":"2024-06-26T17:30:20","modified_gmt":"2024-06-26T17:30:20","slug":"genera-shampoo-energizzante-gingseng-e-aloe-vera","status":"publish","type":"product","link":"https:\/\/misst.hr\/en\/proizvod\/genera-shampoo-energizzante-gingseng-e-aloe-vera\/","title":{"rendered":"GENERA \u2013 SHAMPOO ENERGIZZANTE Gingseng e Aloe Vera"},"content":{"rendered":"<p>MAN LINE<\/p>\n<p>Proizvodi posve\u0107eni mu\u0161kom svijetu, za prakti\u010dne, sportske, dinami\u010dne i zahtjevne mu\u0161karce.<br \/>\nKreiran s aktivnim principima, omek\u0161ava i hidratizira, oboga\u0107en posebno definiranim mirisima.<\/p>\n<p>\u0160ampon za tu\u0161iranje.Miris \u010diste energije. Formula oboga\u0107ena ekstraktom Ginsenga i Aloe Vere. Tijelo i kosa o\u010di\u0161\u0107eni u jednom koraku. Tonus i snaga.<\/p>\n","protected":false},"excerpt":{"rendered":"<p>MAN LINE Proizvodi posve\u0107eni mu\u0161kom svijetu, za prakti\u010dne, sportske, dinami\u010dne i zahtjevne mu\u0161karce. Kreiran s aktivnim principima, omek\u0161ava i hidratizira, oboga\u0107en posebno definiranim mirisima. \u0160ampon za tu\u0161iranje.Miris \u010diste energije. Formula oboga\u0107ena ekstraktom Ginsenga i Aloe Vere. Tijelo i kosa o\u010di\u0161\u0107eni u jednom koraku. Tonus i snaga.<\/p>\n","protected":false},"featured_media":46556,"comment_status":"open","ping_status":"closed","template":"","meta":{"_monsterinsights_skip_tracking":false,"_monsterinsights_sitenote_active":false,"_monsterinsights_sitenote_note":"","_monsterinsights_sitenote_category":0},"product_brand":[171,359],"product_cat":[219,223,194,167],"product_tag":[225],"class_list":{"0":"post-46562","1":"product","2":"type-product","3":"status-publish","4":"has-post-thumbnail","6":"proizvodaci-fairness-srl","7":"product_brand-genera","8":"product_brand-man-line","9":"product_cat-intimna-njega","10":"product_cat-muska-kozmetika","11":"product_cat-njega-tijela","12":"product_cat-shampoo","13":"product_tag-225","16":"first","17":"instock","18":"shipping-taxable","19":"product-type-simple"},"acf":[],"yoast_head":"<!-- This site is optimized with the Yoast SEO plugin v27.3 - https:\/\/yoast.com\/product\/yoast-seo-wordpress\/ -->\n<title>GENERA \u2013 SHAMPOO ENERGIZZANTE Gingseng e Aloe Vera - Misst<\/title>\n<meta name=\"robots\" content=\"index, follow, max-snippet:-1, max-image-preview:large, max-video-preview:-1\" \/>\n<link rel=\"canonical\" href=\"https:\/\/misst.hr\/en\/proizvod\/genera-shampoo-energizzante-gingseng-e-aloe-vera\/\" \/>\n<meta property=\"og:locale\" content=\"en_US\" \/>\n<meta property=\"og:type\" content=\"article\" \/>\n<meta property=\"og:title\" content=\"GENERA \u2013 SHAMPOO ENERGIZZANTE Gingseng e Aloe Vera - Misst\" \/>\n<meta property=\"og:description\" content=\"MAN LINE Proizvodi posve\u0107eni mu\u0161kom svijetu, za prakti\u010dne, sportske, dinami\u010dne i zahtjevne mu\u0161karce. Kreiran s aktivnim principima, omek\u0161ava i hidratizira, oboga\u0107en posebno definiranim mirisima. \u0160ampon za tu\u0161iranje.Miris \u010diste energije. Formula oboga\u0107ena ekstraktom Ginsenga i Aloe Vere. Tijelo i kosa o\u010di\u0161\u0107eni u jednom koraku. Tonus i snaga.\" \/>\n<meta property=\"og:url\" content=\"https:\/\/misst.hr\/en\/proizvod\/genera-shampoo-energizzante-gingseng-e-aloe-vera\/\" \/>\n<meta property=\"og:site_name\" content=\"Misst\" \/>\n<meta property=\"article:publisher\" content=\"https:\/\/www.facebook.com\/misstdoo\/\" \/>\n<meta property=\"article:modified_time\" content=\"2024-06-26T17:30:20+00:00\" \/>\n<meta property=\"og:image\" content=\"https:\/\/misst.hr\/wp-content\/uploads\/2024\/06\/doccia-shampoo-energizzante-2812144.jpg\" \/>\n\t<meta property=\"og:image:width\" content=\"800\" \/>\n\t<meta property=\"og:image:height\" content=\"800\" \/>\n\t<meta property=\"og:image:type\" content=\"image\/jpeg\" \/>\n<meta name=\"twitter:card\" content=\"summary_large_image\" \/>\n<script type=\"application\/ld+json\" class=\"yoast-schema-graph\">{\"@context\":\"https:\\\/\\\/schema.org\",\"@graph\":[{\"@type\":\"WebPage\",\"@id\":\"https:\\\/\\\/misst.hr\\\/en\\\/proizvod\\\/genera-shampoo-energizzante-gingseng-e-aloe-vera\\\/\",\"url\":\"https:\\\/\\\/misst.hr\\\/en\\\/proizvod\\\/genera-shampoo-energizzante-gingseng-e-aloe-vera\\\/\",\"name\":\"GENERA \u2013 SHAMPOO ENERGIZZANTE Gingseng e Aloe Vera - Misst\",\"isPartOf\":{\"@id\":\"https:\\\/\\\/misst.hr\\\/en\\\/#website\"},\"primaryImageOfPage\":{\"@id\":\"https:\\\/\\\/misst.hr\\\/en\\\/proizvod\\\/genera-shampoo-energizzante-gingseng-e-aloe-vera\\\/#primaryimage\"},\"image\":{\"@id\":\"https:\\\/\\\/misst.hr\\\/en\\\/proizvod\\\/genera-shampoo-energizzante-gingseng-e-aloe-vera\\\/#primaryimage\"},\"thumbnailUrl\":\"https:\\\/\\\/misst.hr\\\/wp-content\\\/uploads\\\/2024\\\/06\\\/doccia-shampoo-energizzante-2812144.jpg\",\"datePublished\":\"2024-06-15T13:18:48+00:00\",\"dateModified\":\"2024-06-26T17:30:20+00:00\",\"breadcrumb\":{\"@id\":\"https:\\\/\\\/misst.hr\\\/en\\\/proizvod\\\/genera-shampoo-energizzante-gingseng-e-aloe-vera\\\/#breadcrumb\"},\"inLanguage\":\"en-US\",\"potentialAction\":[{\"@type\":\"ReadAction\",\"target\":[\"https:\\\/\\\/misst.hr\\\/en\\\/proizvod\\\/genera-shampoo-energizzante-gingseng-e-aloe-vera\\\/\"]}]},{\"@type\":\"ImageObject\",\"inLanguage\":\"en-US\",\"@id\":\"https:\\\/\\\/misst.hr\\\/en\\\/proizvod\\\/genera-shampoo-energizzante-gingseng-e-aloe-vera\\\/#primaryimage\",\"url\":\"https:\\\/\\\/misst.hr\\\/wp-content\\\/uploads\\\/2024\\\/06\\\/doccia-shampoo-energizzante-2812144.jpg\",\"contentUrl\":\"https:\\\/\\\/misst.hr\\\/wp-content\\\/uploads\\\/2024\\\/06\\\/doccia-shampoo-energizzante-2812144.jpg\",\"width\":800,\"height\":800},{\"@type\":\"BreadcrumbList\",\"@id\":\"https:\\\/\\\/misst.hr\\\/en\\\/proizvod\\\/genera-shampoo-energizzante-gingseng-e-aloe-vera\\\/#breadcrumb\",\"itemListElement\":[{\"@type\":\"ListItem\",\"position\":1,\"name\":\"Home\",\"item\":\"https:\\\/\\\/misst.hr\\\/en\\\/\"},{\"@type\":\"ListItem\",\"position\":2,\"name\":\"Trgovina\",\"item\":\"https:\\\/\\\/misst.hr\\\/trgovina\\\/\"},{\"@type\":\"ListItem\",\"position\":3,\"name\":\"GENERA \u2013 SHAMPOO ENERGIZZANTE Gingseng e Aloe Vera\"}]},{\"@type\":\"WebSite\",\"@id\":\"https:\\\/\\\/misst.hr\\\/en\\\/#website\",\"url\":\"https:\\\/\\\/misst.hr\\\/en\\\/\",\"name\":\"misst.hr\",\"description\":\"Misst d.o.o - za trgovinu i usluge\",\"publisher\":{\"@id\":\"https:\\\/\\\/misst.hr\\\/en\\\/#organization\"},\"potentialAction\":[{\"@type\":\"SearchAction\",\"target\":{\"@type\":\"EntryPoint\",\"urlTemplate\":\"https:\\\/\\\/misst.hr\\\/en\\\/?s={search_term_string}\"},\"query-input\":{\"@type\":\"PropertyValueSpecification\",\"valueRequired\":true,\"valueName\":\"search_term_string\"}}],\"inLanguage\":\"en-US\"},{\"@type\":\"Organization\",\"@id\":\"https:\\\/\\\/misst.hr\\\/en\\\/#organization\",\"name\":\"Misst d.o.o.\",\"url\":\"https:\\\/\\\/misst.hr\\\/en\\\/\",\"logo\":{\"@type\":\"ImageObject\",\"inLanguage\":\"en-US\",\"@id\":\"https:\\\/\\\/misst.hr\\\/en\\\/#\\\/schema\\\/logo\\\/image\\\/\",\"url\":\"https:\\\/\\\/misst.hr\\\/wp-content\\\/uploads\\\/2021\\\/07\\\/misst-1024x509-2.png\",\"contentUrl\":\"https:\\\/\\\/misst.hr\\\/wp-content\\\/uploads\\\/2021\\\/07\\\/misst-1024x509-2.png\",\"width\":1024,\"height\":509,\"caption\":\"Misst d.o.o.\"},\"image\":{\"@id\":\"https:\\\/\\\/misst.hr\\\/en\\\/#\\\/schema\\\/logo\\\/image\\\/\"},\"sameAs\":[\"https:\\\/\\\/www.facebook.com\\\/misstdoo\\\/\"]}]}<\/script>\n<!-- \/ Yoast SEO plugin. -->","yoast_head_json":{"title":"GENERA \u2013 SHAMPOO ENERGIZZANTE Gingseng e Aloe Vera - Misst","robots":{"index":"index","follow":"follow","max-snippet":"max-snippet:-1","max-image-preview":"max-image-preview:large","max-video-preview":"max-video-preview:-1"},"canonical":"https:\/\/misst.hr\/en\/proizvod\/genera-shampoo-energizzante-gingseng-e-aloe-vera\/","og_locale":"en_US","og_type":"article","og_title":"GENERA \u2013 SHAMPOO ENERGIZZANTE Gingseng e Aloe Vera - Misst","og_description":"MAN LINE Proizvodi posve\u0107eni mu\u0161kom svijetu, za prakti\u010dne, sportske, dinami\u010dne i zahtjevne mu\u0161karce. Kreiran s aktivnim principima, omek\u0161ava i hidratizira, oboga\u0107en posebno definiranim mirisima. \u0160ampon za tu\u0161iranje.Miris \u010diste energije. Formula oboga\u0107ena ekstraktom Ginsenga i Aloe Vere. Tijelo i kosa o\u010di\u0161\u0107eni u jednom koraku. Tonus i snaga.","og_url":"https:\/\/misst.hr\/en\/proizvod\/genera-shampoo-energizzante-gingseng-e-aloe-vera\/","og_site_name":"Misst","article_publisher":"https:\/\/www.facebook.com\/misstdoo\/","article_modified_time":"2024-06-26T17:30:20+00:00","og_image":[{"width":800,"height":800,"url":"https:\/\/misst.hr\/wp-content\/uploads\/2024\/06\/doccia-shampoo-energizzante-2812144.jpg","type":"image\/jpeg"}],"twitter_card":"summary_large_image","schema":{"@context":"https:\/\/schema.org","@graph":[{"@type":"WebPage","@id":"https:\/\/misst.hr\/en\/proizvod\/genera-shampoo-energizzante-gingseng-e-aloe-vera\/","url":"https:\/\/misst.hr\/en\/proizvod\/genera-shampoo-energizzante-gingseng-e-aloe-vera\/","name":"GENERA \u2013 SHAMPOO ENERGIZZANTE Gingseng e Aloe Vera - Misst","isPartOf":{"@id":"https:\/\/misst.hr\/en\/#website"},"primaryImageOfPage":{"@id":"https:\/\/misst.hr\/en\/proizvod\/genera-shampoo-energizzante-gingseng-e-aloe-vera\/#primaryimage"},"image":{"@id":"https:\/\/misst.hr\/en\/proizvod\/genera-shampoo-energizzante-gingseng-e-aloe-vera\/#primaryimage"},"thumbnailUrl":"https:\/\/misst.hr\/wp-content\/uploads\/2024\/06\/doccia-shampoo-energizzante-2812144.jpg","datePublished":"2024-06-15T13:18:48+00:00","dateModified":"2024-06-26T17:30:20+00:00","breadcrumb":{"@id":"https:\/\/misst.hr\/en\/proizvod\/genera-shampoo-energizzante-gingseng-e-aloe-vera\/#breadcrumb"},"inLanguage":"en-US","potentialAction":[{"@type":"ReadAction","target":["https:\/\/misst.hr\/en\/proizvod\/genera-shampoo-energizzante-gingseng-e-aloe-vera\/"]}]},{"@type":"ImageObject","inLanguage":"en-US","@id":"https:\/\/misst.hr\/en\/proizvod\/genera-shampoo-energizzante-gingseng-e-aloe-vera\/#primaryimage","url":"https:\/\/misst.hr\/wp-content\/uploads\/2024\/06\/doccia-shampoo-energizzante-2812144.jpg","contentUrl":"https:\/\/misst.hr\/wp-content\/uploads\/2024\/06\/doccia-shampoo-energizzante-2812144.jpg","width":800,"height":800},{"@type":"BreadcrumbList","@id":"https:\/\/misst.hr\/en\/proizvod\/genera-shampoo-energizzante-gingseng-e-aloe-vera\/#breadcrumb","itemListElement":[{"@type":"ListItem","position":1,"name":"Home","item":"https:\/\/misst.hr\/en\/"},{"@type":"ListItem","position":2,"name":"Trgovina","item":"https:\/\/misst.hr\/trgovina\/"},{"@type":"ListItem","position":3,"name":"GENERA \u2013 SHAMPOO ENERGIZZANTE Gingseng e Aloe Vera"}]},{"@type":"WebSite","@id":"https:\/\/misst.hr\/en\/#website","url":"https:\/\/misst.hr\/en\/","name":"misst.hr","description":"Misst d.o.o - za trgovinu i usluge","publisher":{"@id":"https:\/\/misst.hr\/en\/#organization"},"potentialAction":[{"@type":"SearchAction","target":{"@type":"EntryPoint","urlTemplate":"https:\/\/misst.hr\/en\/?s={search_term_string}"},"query-input":{"@type":"PropertyValueSpecification","valueRequired":true,"valueName":"search_term_string"}}],"inLanguage":"en-US"},{"@type":"Organization","@id":"https:\/\/misst.hr\/en\/#organization","name":"Misst d.o.o.","url":"https:\/\/misst.hr\/en\/","logo":{"@type":"ImageObject","inLanguage":"en-US","@id":"https:\/\/misst.hr\/en\/#\/schema\/logo\/image\/","url":"https:\/\/misst.hr\/wp-content\/uploads\/2021\/07\/misst-1024x509-2.png","contentUrl":"https:\/\/misst.hr\/wp-content\/uploads\/2021\/07\/misst-1024x509-2.png","width":1024,"height":509,"caption":"Misst d.o.o."},"image":{"@id":"https:\/\/misst.hr\/en\/#\/schema\/logo\/image\/"},"sameAs":["https:\/\/www.facebook.com\/misstdoo\/"]}]}},"_links":{"self":[{"href":"https:\/\/misst.hr\/en\/wp-json\/wp\/v2\/product\/46562","targetHints":{"allow":["GET"]}}],"collection":[{"href":"https:\/\/misst.hr\/en\/wp-json\/wp\/v2\/product"}],"about":[{"href":"https:\/\/misst.hr\/en\/wp-json\/wp\/v2\/types\/product"}],"replies":[{"embeddable":true,"href":"https:\/\/misst.hr\/en\/wp-json\/wp\/v2\/comments?post=46562"}],"wp:featuredmedia":[{"embeddable":true,"href":"https:\/\/misst.hr\/en\/wp-json\/wp\/v2\/media\/46556"}],"wp:attachment":[{"href":"https:\/\/misst.hr\/en\/wp-json\/wp\/v2\/media?parent=46562"}],"wp:term":[{"taxonomy":"product_brand","embeddable":true,"href":"https:\/\/misst.hr\/en\/wp-json\/wp\/v2\/product_brand?post=46562"},{"taxonomy":"product_cat","embeddable":true,"href":"https:\/\/misst.hr\/en\/wp-json\/wp\/v2\/product_cat?post=46562"},{"taxonomy":"product_tag","embeddable":true,"href":"https:\/\/misst.hr\/en\/wp-json\/wp\/v2\/product_tag?post=46562"}],"curies":[{"name":"wp","href":"https:\/\/api.w.org\/{rel}","templated":true}]}}