{"id":46276,"date":"2024-05-28T20:42:48","date_gmt":"2024-05-28T20:42:48","guid":{"rendered":"https:\/\/novi.misst.hr\/?post_type=product&#038;p=46276"},"modified":"2024-06-24T17:06:09","modified_gmt":"2024-06-24T17:06:09","slug":"forest-flowers","status":"publish","type":"product","link":"https:\/\/misst.hr\/en\/proizvod\/forest-flowers\/","title":{"rendered":"AIRFLOR FRESHMATIC APARATI ZA OSVJE\u017dIVA\u010cE ZRAKA + refil 250mL"},"content":{"rendered":"<p class=\"tw-data-text tw-text-large tw-ta\" dir=\"ltr\" data-placeholder=\"Translation\" aria-label=\"Translated text\" data-ved=\"2ahUKEwjYtf7Ry_SGAxWOPBAIHWyzDioQ3ewLegQIExAU\"><span class=\"Y2IQFc\" lang=\"hr\">FRESHMATIC APARATI + AIRFLOR refil 250mL<br \/>\n<\/span><\/p>\n<p id=\"tw-target-text\" class=\"tw-data-text tw-text-large tw-ta\" dir=\"ltr\" data-placeholder=\"Translation\" aria-label=\"Translated text\" data-ved=\"2ahUKEwjYtf7Ry_SGAxWOPBAIHWyzDioQ3ewLegQIExAU\"><span class=\"Y2IQFc\" lang=\"hr\">Prakti\u010dan i jednostavan za kori\u0161tenje,za ugodan miris va\u0161ih prostorija.<br \/>\nProizvod se satoji od:<br \/>\n-1x aparat FRESHMATIC<br \/>\n-1x AIRFLOR refil 250mL<br \/>\n-2x baterije AA 1,5V<\/span><\/p>\n<p>&#8211; MUSCHIO BIANCO &#8211; 8007675737974<br \/>\n&#8211; VANIGLIA\u00a0 \u00a0 \u00a0 \u00a0 \u00a0 \u00a0 \u00a0 \u00a0 \u00a0 &#8211; 8007675737998<br \/>\n&#8211; TALCO\u00a0 \u00a0 \u00a0 \u00a0 \u00a0 \u00a0 \u00a0 \u00a0 \u00a0 \u00a0 \u00a0 \u00a0 \u00a0&#8211; 8007675737981<\/p>\n<p class=\"tw-data-text tw-text-large tw-ta\" dir=\"ltr\" data-placeholder=\"Translation\" aria-label=\"Translated text\" data-ved=\"2ahUKEwjYtf7Ry_SGAxWOPBAIHWyzDioQ3ewLegQIExAU\"><span class=\"Y2IQFc\" lang=\"hr\">UPUSTVA ZA UPORABU:<br \/>\n1. Za otvaranje ure\u0111aja pritisnite sredi\u0161nju tipku i pritisnite prednju. 2. Provjerite je li prekida\u010d u polo\u017eaju &#8220;OFF&#8221;. Umetnite dvije AA baterije paze\u0107i da su pozitivni (+) i negativni (-) pol postavljeni kao \u0161to je prikazano na ku\u0107i\u0161tu. 3. Prije umetanja refil spreja, provjerite je li unutarnji mehanizam unutra ispravan polo\u017eaj. Ako mehanizam nije dobro postavljen, upotrijebite olovku ili misliti popraviti. Zatim umetnite punjenje u ure\u0111aj s izljevom za prskanje okrenut prema van. 4. Uklonite ure\u0111aj s lica prije spajanja. Postavite mjera\u010d vremena prema odabranom intervalu izme\u0111u prskanja: 9, 18 ili 36 minuta 15, 30 ili 60 dana neprekidnog osloba\u0111anja mirisa. Bljeskanje svjetla ozna\u010dava da ure\u0111aj radi. Ako svjetlo ne radi, provjerite jesu li baterije ispravno postavljene. Zatvorite ure\u0111aj. Nakon aktivacije, ure\u0111aj radi i nakon toga \u0107e prskati 15 sekundi. Ako ure\u0111aj ne prska nakon tog razdoblja, isklju\u010dite ga i ponovite korake 1,2,3 i 4. Kada je punjenje prazno, pomaknite kursor i umetnite novi ulo\u017eak u ure\u0111aj prema uputama iznad.<\/span><\/p>\n","protected":false},"excerpt":{"rendered":"<p>FRESHMATIC APARATI + AIRFLOR refil 250mL Prakti\u010dan i jednostavan za kori\u0161tenje,za ugodan miris va\u0161ih prostorija. Proizvod se satoji od: -1x aparat FRESHMATIC -1x AIRFLOR refil 250mL -2x baterije AA 1,5V &#8211; MUSCHIO BIANCO &#8211; 8007675737974 &#8211; VANIGLIA\u00a0 \u00a0 \u00a0 \u00a0 \u00a0 \u00a0 \u00a0 \u00a0 \u00a0 &#8211; 8007675737998 &#8211; TALCO\u00a0 \u00a0 \u00a0 \u00a0 \u00a0 \u00a0 \u00a0 [&hellip;]<\/p>\n","protected":false},"featured_media":47061,"comment_status":"open","ping_status":"closed","template":"","meta":{"_monsterinsights_skip_tracking":false,"_monsterinsights_sitenote_active":false,"_monsterinsights_sitenote_note":"","_monsterinsights_sitenote_category":0},"product_brand":[165],"product_cat":[163],"product_tag":[],"class_list":{"0":"post-46276","1":"product","2":"type-product","3":"status-publish","4":"has-post-thumbnail","6":"proizvodaci-bergen-srl","7":"product_brand-air-floor","8":"product_cat-osvjezivaci-zraka","11":"first","12":"instock","13":"shipping-taxable","14":"product-type-simple"},"acf":[],"yoast_head":"<!-- This site is optimized with the Yoast SEO plugin v27.3 - https:\/\/yoast.com\/product\/yoast-seo-wordpress\/ -->\n<title>AIRFLOR FRESHMATIC APARATI ZA OSVJE\u017dIVA\u010cE ZRAKA + refil 250mL - Misst<\/title>\n<meta name=\"robots\" content=\"index, follow, max-snippet:-1, max-image-preview:large, max-video-preview:-1\" \/>\n<link rel=\"canonical\" href=\"https:\/\/misst.hr\/en\/proizvod\/forest-flowers\/\" \/>\n<meta property=\"og:locale\" content=\"en_US\" \/>\n<meta property=\"og:type\" content=\"article\" \/>\n<meta property=\"og:title\" content=\"AIRFLOR FRESHMATIC APARATI ZA OSVJE\u017dIVA\u010cE ZRAKA + refil 250mL - Misst\" \/>\n<meta property=\"og:description\" content=\"FRESHMATIC APARATI + AIRFLOR refil 250mL Prakti\u010dan i jednostavan za kori\u0161tenje,za ugodan miris va\u0161ih prostorija. Proizvod se satoji od: -1x aparat FRESHMATIC -1x AIRFLOR refil 250mL -2x baterije AA 1,5V &#8211; MUSCHIO BIANCO &#8211; 8007675737974 &#8211; VANIGLIA\u00a0 \u00a0 \u00a0 \u00a0 \u00a0 \u00a0 \u00a0 \u00a0 \u00a0 &#8211; 8007675737998 &#8211; TALCO\u00a0 \u00a0 \u00a0 \u00a0 \u00a0 \u00a0 \u00a0 [&hellip;]\" \/>\n<meta property=\"og:url\" content=\"https:\/\/misst.hr\/en\/proizvod\/forest-flowers\/\" \/>\n<meta property=\"og:site_name\" content=\"Misst\" \/>\n<meta property=\"article:publisher\" content=\"https:\/\/www.facebook.com\/misstdoo\/\" \/>\n<meta property=\"article:modified_time\" content=\"2024-06-24T17:06:09+00:00\" \/>\n<meta property=\"og:image\" content=\"https:\/\/misst.hr\/wp-content\/uploads\/2024\/05\/DIFFUSORI-AUTOMATICI-PER-AMBIENTE-1-300x225-1.jpg\" \/>\n\t<meta property=\"og:image:width\" content=\"300\" \/>\n\t<meta property=\"og:image:height\" content=\"225\" \/>\n\t<meta property=\"og:image:type\" content=\"image\/jpeg\" \/>\n<meta name=\"twitter:card\" content=\"summary_large_image\" \/>\n<meta name=\"twitter:label1\" content=\"Est. reading time\" \/>\n\t<meta name=\"twitter:data1\" content=\"1 minute\" \/>\n<script type=\"application\/ld+json\" class=\"yoast-schema-graph\">{\"@context\":\"https:\\\/\\\/schema.org\",\"@graph\":[{\"@type\":\"WebPage\",\"@id\":\"https:\\\/\\\/misst.hr\\\/en\\\/proizvod\\\/forest-flowers\\\/\",\"url\":\"https:\\\/\\\/misst.hr\\\/en\\\/proizvod\\\/forest-flowers\\\/\",\"name\":\"AIRFLOR FRESHMATIC APARATI ZA OSVJE\u017dIVA\u010cE ZRAKA + refil 250mL - Misst\",\"isPartOf\":{\"@id\":\"https:\\\/\\\/misst.hr\\\/en\\\/#website\"},\"primaryImageOfPage\":{\"@id\":\"https:\\\/\\\/misst.hr\\\/en\\\/proizvod\\\/forest-flowers\\\/#primaryimage\"},\"image\":{\"@id\":\"https:\\\/\\\/misst.hr\\\/en\\\/proizvod\\\/forest-flowers\\\/#primaryimage\"},\"thumbnailUrl\":\"https:\\\/\\\/misst.hr\\\/wp-content\\\/uploads\\\/2024\\\/05\\\/DIFFUSORI-AUTOMATICI-PER-AMBIENTE-1-300x225-1.jpg\",\"datePublished\":\"2024-05-28T20:42:48+00:00\",\"dateModified\":\"2024-06-24T17:06:09+00:00\",\"breadcrumb\":{\"@id\":\"https:\\\/\\\/misst.hr\\\/en\\\/proizvod\\\/forest-flowers\\\/#breadcrumb\"},\"inLanguage\":\"en-US\",\"potentialAction\":[{\"@type\":\"ReadAction\",\"target\":[\"https:\\\/\\\/misst.hr\\\/en\\\/proizvod\\\/forest-flowers\\\/\"]}]},{\"@type\":\"ImageObject\",\"inLanguage\":\"en-US\",\"@id\":\"https:\\\/\\\/misst.hr\\\/en\\\/proizvod\\\/forest-flowers\\\/#primaryimage\",\"url\":\"https:\\\/\\\/misst.hr\\\/wp-content\\\/uploads\\\/2024\\\/05\\\/DIFFUSORI-AUTOMATICI-PER-AMBIENTE-1-300x225-1.jpg\",\"contentUrl\":\"https:\\\/\\\/misst.hr\\\/wp-content\\\/uploads\\\/2024\\\/05\\\/DIFFUSORI-AUTOMATICI-PER-AMBIENTE-1-300x225-1.jpg\",\"width\":300,\"height\":225},{\"@type\":\"BreadcrumbList\",\"@id\":\"https:\\\/\\\/misst.hr\\\/en\\\/proizvod\\\/forest-flowers\\\/#breadcrumb\",\"itemListElement\":[{\"@type\":\"ListItem\",\"position\":1,\"name\":\"Home\",\"item\":\"https:\\\/\\\/misst.hr\\\/en\\\/\"},{\"@type\":\"ListItem\",\"position\":2,\"name\":\"Trgovina\",\"item\":\"https:\\\/\\\/misst.hr\\\/trgovina\\\/\"},{\"@type\":\"ListItem\",\"position\":3,\"name\":\"AIRFLOR FRESHMATIC APARATI ZA OSVJE\u017dIVA\u010cE ZRAKA + refil 250mL\"}]},{\"@type\":\"WebSite\",\"@id\":\"https:\\\/\\\/misst.hr\\\/en\\\/#website\",\"url\":\"https:\\\/\\\/misst.hr\\\/en\\\/\",\"name\":\"misst.hr\",\"description\":\"Misst d.o.o - za trgovinu i usluge\",\"publisher\":{\"@id\":\"https:\\\/\\\/misst.hr\\\/en\\\/#organization\"},\"potentialAction\":[{\"@type\":\"SearchAction\",\"target\":{\"@type\":\"EntryPoint\",\"urlTemplate\":\"https:\\\/\\\/misst.hr\\\/en\\\/?s={search_term_string}\"},\"query-input\":{\"@type\":\"PropertyValueSpecification\",\"valueRequired\":true,\"valueName\":\"search_term_string\"}}],\"inLanguage\":\"en-US\"},{\"@type\":\"Organization\",\"@id\":\"https:\\\/\\\/misst.hr\\\/en\\\/#organization\",\"name\":\"Misst d.o.o.\",\"url\":\"https:\\\/\\\/misst.hr\\\/en\\\/\",\"logo\":{\"@type\":\"ImageObject\",\"inLanguage\":\"en-US\",\"@id\":\"https:\\\/\\\/misst.hr\\\/en\\\/#\\\/schema\\\/logo\\\/image\\\/\",\"url\":\"https:\\\/\\\/misst.hr\\\/wp-content\\\/uploads\\\/2021\\\/07\\\/misst-1024x509-2.png\",\"contentUrl\":\"https:\\\/\\\/misst.hr\\\/wp-content\\\/uploads\\\/2021\\\/07\\\/misst-1024x509-2.png\",\"width\":1024,\"height\":509,\"caption\":\"Misst d.o.o.\"},\"image\":{\"@id\":\"https:\\\/\\\/misst.hr\\\/en\\\/#\\\/schema\\\/logo\\\/image\\\/\"},\"sameAs\":[\"https:\\\/\\\/www.facebook.com\\\/misstdoo\\\/\"]}]}<\/script>\n<!-- \/ Yoast SEO plugin. -->","yoast_head_json":{"title":"AIRFLOR FRESHMATIC APARATI ZA OSVJE\u017dIVA\u010cE ZRAKA + refil 250mL - Misst","robots":{"index":"index","follow":"follow","max-snippet":"max-snippet:-1","max-image-preview":"max-image-preview:large","max-video-preview":"max-video-preview:-1"},"canonical":"https:\/\/misst.hr\/en\/proizvod\/forest-flowers\/","og_locale":"en_US","og_type":"article","og_title":"AIRFLOR FRESHMATIC APARATI ZA OSVJE\u017dIVA\u010cE ZRAKA + refil 250mL - Misst","og_description":"FRESHMATIC APARATI + AIRFLOR refil 250mL Prakti\u010dan i jednostavan za kori\u0161tenje,za ugodan miris va\u0161ih prostorija. Proizvod se satoji od: -1x aparat FRESHMATIC -1x AIRFLOR refil 250mL -2x baterije AA 1,5V &#8211; MUSCHIO BIANCO &#8211; 8007675737974 &#8211; VANIGLIA\u00a0 \u00a0 \u00a0 \u00a0 \u00a0 \u00a0 \u00a0 \u00a0 \u00a0 &#8211; 8007675737998 &#8211; TALCO\u00a0 \u00a0 \u00a0 \u00a0 \u00a0 \u00a0 \u00a0 [&hellip;]","og_url":"https:\/\/misst.hr\/en\/proizvod\/forest-flowers\/","og_site_name":"Misst","article_publisher":"https:\/\/www.facebook.com\/misstdoo\/","article_modified_time":"2024-06-24T17:06:09+00:00","og_image":[{"width":300,"height":225,"url":"https:\/\/misst.hr\/wp-content\/uploads\/2024\/05\/DIFFUSORI-AUTOMATICI-PER-AMBIENTE-1-300x225-1.jpg","type":"image\/jpeg"}],"twitter_card":"summary_large_image","twitter_misc":{"Est. reading time":"1 minute"},"schema":{"@context":"https:\/\/schema.org","@graph":[{"@type":"WebPage","@id":"https:\/\/misst.hr\/en\/proizvod\/forest-flowers\/","url":"https:\/\/misst.hr\/en\/proizvod\/forest-flowers\/","name":"AIRFLOR FRESHMATIC APARATI ZA OSVJE\u017dIVA\u010cE ZRAKA + refil 250mL - Misst","isPartOf":{"@id":"https:\/\/misst.hr\/en\/#website"},"primaryImageOfPage":{"@id":"https:\/\/misst.hr\/en\/proizvod\/forest-flowers\/#primaryimage"},"image":{"@id":"https:\/\/misst.hr\/en\/proizvod\/forest-flowers\/#primaryimage"},"thumbnailUrl":"https:\/\/misst.hr\/wp-content\/uploads\/2024\/05\/DIFFUSORI-AUTOMATICI-PER-AMBIENTE-1-300x225-1.jpg","datePublished":"2024-05-28T20:42:48+00:00","dateModified":"2024-06-24T17:06:09+00:00","breadcrumb":{"@id":"https:\/\/misst.hr\/en\/proizvod\/forest-flowers\/#breadcrumb"},"inLanguage":"en-US","potentialAction":[{"@type":"ReadAction","target":["https:\/\/misst.hr\/en\/proizvod\/forest-flowers\/"]}]},{"@type":"ImageObject","inLanguage":"en-US","@id":"https:\/\/misst.hr\/en\/proizvod\/forest-flowers\/#primaryimage","url":"https:\/\/misst.hr\/wp-content\/uploads\/2024\/05\/DIFFUSORI-AUTOMATICI-PER-AMBIENTE-1-300x225-1.jpg","contentUrl":"https:\/\/misst.hr\/wp-content\/uploads\/2024\/05\/DIFFUSORI-AUTOMATICI-PER-AMBIENTE-1-300x225-1.jpg","width":300,"height":225},{"@type":"BreadcrumbList","@id":"https:\/\/misst.hr\/en\/proizvod\/forest-flowers\/#breadcrumb","itemListElement":[{"@type":"ListItem","position":1,"name":"Home","item":"https:\/\/misst.hr\/en\/"},{"@type":"ListItem","position":2,"name":"Trgovina","item":"https:\/\/misst.hr\/trgovina\/"},{"@type":"ListItem","position":3,"name":"AIRFLOR FRESHMATIC APARATI ZA OSVJE\u017dIVA\u010cE ZRAKA + refil 250mL"}]},{"@type":"WebSite","@id":"https:\/\/misst.hr\/en\/#website","url":"https:\/\/misst.hr\/en\/","name":"misst.hr","description":"Misst d.o.o - za trgovinu i usluge","publisher":{"@id":"https:\/\/misst.hr\/en\/#organization"},"potentialAction":[{"@type":"SearchAction","target":{"@type":"EntryPoint","urlTemplate":"https:\/\/misst.hr\/en\/?s={search_term_string}"},"query-input":{"@type":"PropertyValueSpecification","valueRequired":true,"valueName":"search_term_string"}}],"inLanguage":"en-US"},{"@type":"Organization","@id":"https:\/\/misst.hr\/en\/#organization","name":"Misst d.o.o.","url":"https:\/\/misst.hr\/en\/","logo":{"@type":"ImageObject","inLanguage":"en-US","@id":"https:\/\/misst.hr\/en\/#\/schema\/logo\/image\/","url":"https:\/\/misst.hr\/wp-content\/uploads\/2021\/07\/misst-1024x509-2.png","contentUrl":"https:\/\/misst.hr\/wp-content\/uploads\/2021\/07\/misst-1024x509-2.png","width":1024,"height":509,"caption":"Misst d.o.o."},"image":{"@id":"https:\/\/misst.hr\/en\/#\/schema\/logo\/image\/"},"sameAs":["https:\/\/www.facebook.com\/misstdoo\/"]}]}},"_links":{"self":[{"href":"https:\/\/misst.hr\/en\/wp-json\/wp\/v2\/product\/46276","targetHints":{"allow":["GET"]}}],"collection":[{"href":"https:\/\/misst.hr\/en\/wp-json\/wp\/v2\/product"}],"about":[{"href":"https:\/\/misst.hr\/en\/wp-json\/wp\/v2\/types\/product"}],"replies":[{"embeddable":true,"href":"https:\/\/misst.hr\/en\/wp-json\/wp\/v2\/comments?post=46276"}],"wp:featuredmedia":[{"embeddable":true,"href":"https:\/\/misst.hr\/en\/wp-json\/wp\/v2\/media\/47061"}],"wp:attachment":[{"href":"https:\/\/misst.hr\/en\/wp-json\/wp\/v2\/media?parent=46276"}],"wp:term":[{"taxonomy":"product_brand","embeddable":true,"href":"https:\/\/misst.hr\/en\/wp-json\/wp\/v2\/product_brand?post=46276"},{"taxonomy":"product_cat","embeddable":true,"href":"https:\/\/misst.hr\/en\/wp-json\/wp\/v2\/product_cat?post=46276"},{"taxonomy":"product_tag","embeddable":true,"href":"https:\/\/misst.hr\/en\/wp-json\/wp\/v2\/product_tag?post=46276"}],"curies":[{"name":"wp","href":"https:\/\/api.w.org\/{rel}","templated":true}]}}