{"id":46273,"date":"2024-05-28T20:39:00","date_gmt":"2024-05-28T20:39:00","guid":{"rendered":"https:\/\/novi.misst.hr\/?post_type=product&#038;p=46273"},"modified":"2024-06-24T16:36:50","modified_gmt":"2024-06-24T16:36:50","slug":"coctail-fruit","status":"publish","type":"product","link":"https:\/\/misst.hr\/en\/proizvod\/coctail-fruit\/","title":{"rendered":"AIRFLOR MIRISNI OSVJE\u017dIVA\u010cI ZRAKA U SPREJU 300ml"},"content":{"rendered":"<p id=\"tw-target-text\" class=\"tw-data-text tw-text-large tw-ta\" dir=\"ltr\" data-placeholder=\"Translation\" aria-label=\"Translated text\" data-ved=\"2ahUKEwjYtf7Ry_SGAxWOPBAIHWyzDioQ3ewLegQIExAU\"><span class=\"Y2IQFc\" lang=\"hr\">MIRISNI OSVJE\u017dIVA\u010c ZRAKA &#8211; sprej<br \/>\n<\/span><span class=\"Y2IQFc\" lang=\"hr\">Air Flor u spreju je idealan dezodorans na svim onim mjestima gdje je osvje\u017eavanje i pro\u010di\u0161\u0107avanje zraka neophodno. Svojim dvostrukim djelovanjem djeluje na molekule neugodnih mirisa neutraliziraju\u0107i ih te u nekoliko trenutaka osvje\u017eava i nje\u017eno miri\u0161e zrak.<\/p>\n<p><\/span><\/p>\n<p class=\"tw-data-text tw-text-large tw-ta\" dir=\"ltr\" data-placeholder=\"Translation\" aria-label=\"Translated text\" data-ved=\"2ahUKEwjYtf7Ry_SGAxWOPBAIHWyzDioQ3ewLegQIExAU\">00016 &#8211; VANIGLIA\u00a0 \u00a0 \u00a0 \u00a0 \u00a0 \u00a0 \u00a0 \u00a0 \u00a0 \u00a0 \u00a0 \u00a0 \u00a0 \u00a0 \u00a0 &#8211; 8007675005707<br \/>\n00609 &#8211; ARGAN &amp; SPEZIE\u00a0 \u00a0 \u00a0 \u00a0 \u00a0 \u00a0 \u00a0 \u00a0 &#8211; 8007675733075<br \/>\n00011 &#8211; COCKTAIL FRUIT\u00a0 \u00a0 \u00a0 \u00a0 \u00a0 \u00a0 \u00a0 \u00a0 \u00a0&#8211; 8007675029536<br \/>\n00012 &#8211; LAVANDA &amp; ORCHIDEA\u00a0 \u00a0 &#8211; 8007675005301<br \/>\n00985 &#8211; ARIA DI MARE\u00a0 \u00a0 \u00a0 \u00a0 \u00a0 \u00a0 \u00a0 \u00a0 \u00a0 \u00a0 \u00a0 &#8211; 8007675731583<br \/>\n00018 &#8211; TALCO\u00a0 \u00a0 \u00a0 \u00a0 \u00a0 \u00a0 \u00a0 \u00a0 \u00a0 \u00a0 \u00a0 \u00a0 \u00a0 \u00a0 \u00a0 \u00a0 \u00a0 \u00a0 \u00a0&#8211; 8007675357127<br \/>\n00017 &#8211; MUSCHIO BIANCO\u00a0 \u00a0 \u00a0 \u00a0 \u00a0 \u00a0 \u00a0 &#8211; 8007675002201<br \/>\n00984 &#8211; FIORI DI BOSCO\u00a0 \u00a0 \u00a0 \u00a0 \u00a0 \u00a0 \u00a0 \u00a0 \u00a0 \u00a0&#8211; 8007675731590<\/p>\n","protected":false},"excerpt":{"rendered":"<p>MIRISNI OSVJE\u017dIVA\u010c ZRAKA &#8211; sprej Air Flor u spreju je idealan dezodorans na svim onim mjestima gdje je osvje\u017eavanje i pro\u010di\u0161\u0107avanje zraka neophodno. Svojim dvostrukim djelovanjem djeluje na molekule neugodnih mirisa neutraliziraju\u0107i ih te u nekoliko trenutaka osvje\u017eava i nje\u017eno miri\u0161e zrak. 00016 &#8211; VANIGLIA\u00a0 \u00a0 \u00a0 \u00a0 \u00a0 \u00a0 \u00a0 \u00a0 \u00a0 \u00a0 \u00a0 [&hellip;]<\/p>\n","protected":false},"featured_media":47042,"comment_status":"open","ping_status":"closed","template":"","meta":{"_monsterinsights_skip_tracking":false,"_monsterinsights_sitenote_active":false,"_monsterinsights_sitenote_note":"","_monsterinsights_sitenote_category":0},"product_brand":[165],"product_cat":[163],"product_tag":[],"class_list":{"0":"post-46273","1":"product","2":"type-product","3":"status-publish","4":"has-post-thumbnail","6":"proizvodaci-bergen-srl","7":"product_brand-air-floor","8":"product_cat-osvjezivaci-zraka","11":"first","12":"instock","13":"shipping-taxable","14":"product-type-simple"},"acf":[],"yoast_head":"<!-- This site is optimized with the Yoast SEO plugin v27.3 - https:\/\/yoast.com\/product\/yoast-seo-wordpress\/ -->\n<title>AIRFLOR MIRISNI OSVJE\u017dIVA\u010cI ZRAKA U SPREJU 300ml - Misst<\/title>\n<meta name=\"robots\" content=\"index, follow, max-snippet:-1, max-image-preview:large, max-video-preview:-1\" \/>\n<link rel=\"canonical\" href=\"https:\/\/misst.hr\/en\/proizvod\/coctail-fruit\/\" \/>\n<meta property=\"og:locale\" content=\"en_US\" \/>\n<meta property=\"og:type\" content=\"article\" \/>\n<meta property=\"og:title\" content=\"AIRFLOR MIRISNI OSVJE\u017dIVA\u010cI ZRAKA U SPREJU 300ml - Misst\" \/>\n<meta property=\"og:description\" content=\"MIRISNI OSVJE\u017dIVA\u010c ZRAKA &#8211; sprej Air Flor u spreju je idealan dezodorans na svim onim mjestima gdje je osvje\u017eavanje i pro\u010di\u0161\u0107avanje zraka neophodno. Svojim dvostrukim djelovanjem djeluje na molekule neugodnih mirisa neutraliziraju\u0107i ih te u nekoliko trenutaka osvje\u017eava i nje\u017eno miri\u0161e zrak. 00016 &#8211; VANIGLIA\u00a0 \u00a0 \u00a0 \u00a0 \u00a0 \u00a0 \u00a0 \u00a0 \u00a0 \u00a0 \u00a0 [&hellip;]\" \/>\n<meta property=\"og:url\" content=\"https:\/\/misst.hr\/en\/proizvod\/coctail-fruit\/\" \/>\n<meta property=\"og:site_name\" content=\"Misst\" \/>\n<meta property=\"article:publisher\" content=\"https:\/\/www.facebook.com\/misstdoo\/\" \/>\n<meta property=\"article:modified_time\" content=\"2024-06-24T16:36:50+00:00\" \/>\n<meta property=\"og:image\" content=\"https:\/\/misst.hr\/wp-content\/uploads\/2024\/05\/airflor-300ml-sprej.jpg\" \/>\n\t<meta property=\"og:image:width\" content=\"2326\" \/>\n\t<meta property=\"og:image:height\" content=\"1168\" \/>\n\t<meta property=\"og:image:type\" content=\"image\/jpeg\" \/>\n<meta name=\"twitter:card\" content=\"summary_large_image\" \/>\n<script type=\"application\/ld+json\" class=\"yoast-schema-graph\">{\"@context\":\"https:\\\/\\\/schema.org\",\"@graph\":[{\"@type\":\"WebPage\",\"@id\":\"https:\\\/\\\/misst.hr\\\/en\\\/proizvod\\\/coctail-fruit\\\/\",\"url\":\"https:\\\/\\\/misst.hr\\\/en\\\/proizvod\\\/coctail-fruit\\\/\",\"name\":\"AIRFLOR MIRISNI OSVJE\u017dIVA\u010cI ZRAKA U SPREJU 300ml - Misst\",\"isPartOf\":{\"@id\":\"https:\\\/\\\/misst.hr\\\/en\\\/#website\"},\"primaryImageOfPage\":{\"@id\":\"https:\\\/\\\/misst.hr\\\/en\\\/proizvod\\\/coctail-fruit\\\/#primaryimage\"},\"image\":{\"@id\":\"https:\\\/\\\/misst.hr\\\/en\\\/proizvod\\\/coctail-fruit\\\/#primaryimage\"},\"thumbnailUrl\":\"https:\\\/\\\/misst.hr\\\/wp-content\\\/uploads\\\/2024\\\/05\\\/airflor-300ml-sprej.jpg\",\"datePublished\":\"2024-05-28T20:39:00+00:00\",\"dateModified\":\"2024-06-24T16:36:50+00:00\",\"breadcrumb\":{\"@id\":\"https:\\\/\\\/misst.hr\\\/en\\\/proizvod\\\/coctail-fruit\\\/#breadcrumb\"},\"inLanguage\":\"en-US\",\"potentialAction\":[{\"@type\":\"ReadAction\",\"target\":[\"https:\\\/\\\/misst.hr\\\/en\\\/proizvod\\\/coctail-fruit\\\/\"]}]},{\"@type\":\"ImageObject\",\"inLanguage\":\"en-US\",\"@id\":\"https:\\\/\\\/misst.hr\\\/en\\\/proizvod\\\/coctail-fruit\\\/#primaryimage\",\"url\":\"https:\\\/\\\/misst.hr\\\/wp-content\\\/uploads\\\/2024\\\/05\\\/airflor-300ml-sprej.jpg\",\"contentUrl\":\"https:\\\/\\\/misst.hr\\\/wp-content\\\/uploads\\\/2024\\\/05\\\/airflor-300ml-sprej.jpg\",\"width\":2326,\"height\":1168},{\"@type\":\"BreadcrumbList\",\"@id\":\"https:\\\/\\\/misst.hr\\\/en\\\/proizvod\\\/coctail-fruit\\\/#breadcrumb\",\"itemListElement\":[{\"@type\":\"ListItem\",\"position\":1,\"name\":\"Home\",\"item\":\"https:\\\/\\\/misst.hr\\\/en\\\/\"},{\"@type\":\"ListItem\",\"position\":2,\"name\":\"Trgovina\",\"item\":\"https:\\\/\\\/misst.hr\\\/trgovina\\\/\"},{\"@type\":\"ListItem\",\"position\":3,\"name\":\"AIRFLOR MIRISNI OSVJE\u017dIVA\u010cI ZRAKA U SPREJU 300ml\"}]},{\"@type\":\"WebSite\",\"@id\":\"https:\\\/\\\/misst.hr\\\/en\\\/#website\",\"url\":\"https:\\\/\\\/misst.hr\\\/en\\\/\",\"name\":\"misst.hr\",\"description\":\"Misst d.o.o - za trgovinu i usluge\",\"publisher\":{\"@id\":\"https:\\\/\\\/misst.hr\\\/en\\\/#organization\"},\"potentialAction\":[{\"@type\":\"SearchAction\",\"target\":{\"@type\":\"EntryPoint\",\"urlTemplate\":\"https:\\\/\\\/misst.hr\\\/en\\\/?s={search_term_string}\"},\"query-input\":{\"@type\":\"PropertyValueSpecification\",\"valueRequired\":true,\"valueName\":\"search_term_string\"}}],\"inLanguage\":\"en-US\"},{\"@type\":\"Organization\",\"@id\":\"https:\\\/\\\/misst.hr\\\/en\\\/#organization\",\"name\":\"Misst d.o.o.\",\"url\":\"https:\\\/\\\/misst.hr\\\/en\\\/\",\"logo\":{\"@type\":\"ImageObject\",\"inLanguage\":\"en-US\",\"@id\":\"https:\\\/\\\/misst.hr\\\/en\\\/#\\\/schema\\\/logo\\\/image\\\/\",\"url\":\"https:\\\/\\\/misst.hr\\\/wp-content\\\/uploads\\\/2021\\\/07\\\/misst-1024x509-2.png\",\"contentUrl\":\"https:\\\/\\\/misst.hr\\\/wp-content\\\/uploads\\\/2021\\\/07\\\/misst-1024x509-2.png\",\"width\":1024,\"height\":509,\"caption\":\"Misst d.o.o.\"},\"image\":{\"@id\":\"https:\\\/\\\/misst.hr\\\/en\\\/#\\\/schema\\\/logo\\\/image\\\/\"},\"sameAs\":[\"https:\\\/\\\/www.facebook.com\\\/misstdoo\\\/\"]}]}<\/script>\n<!-- \/ Yoast SEO plugin. -->","yoast_head_json":{"title":"AIRFLOR MIRISNI OSVJE\u017dIVA\u010cI ZRAKA U SPREJU 300ml - Misst","robots":{"index":"index","follow":"follow","max-snippet":"max-snippet:-1","max-image-preview":"max-image-preview:large","max-video-preview":"max-video-preview:-1"},"canonical":"https:\/\/misst.hr\/en\/proizvod\/coctail-fruit\/","og_locale":"en_US","og_type":"article","og_title":"AIRFLOR MIRISNI OSVJE\u017dIVA\u010cI ZRAKA U SPREJU 300ml - Misst","og_description":"MIRISNI OSVJE\u017dIVA\u010c ZRAKA &#8211; sprej Air Flor u spreju je idealan dezodorans na svim onim mjestima gdje je osvje\u017eavanje i pro\u010di\u0161\u0107avanje zraka neophodno. Svojim dvostrukim djelovanjem djeluje na molekule neugodnih mirisa neutraliziraju\u0107i ih te u nekoliko trenutaka osvje\u017eava i nje\u017eno miri\u0161e zrak. 00016 &#8211; VANIGLIA\u00a0 \u00a0 \u00a0 \u00a0 \u00a0 \u00a0 \u00a0 \u00a0 \u00a0 \u00a0 \u00a0 [&hellip;]","og_url":"https:\/\/misst.hr\/en\/proizvod\/coctail-fruit\/","og_site_name":"Misst","article_publisher":"https:\/\/www.facebook.com\/misstdoo\/","article_modified_time":"2024-06-24T16:36:50+00:00","og_image":[{"width":2326,"height":1168,"url":"https:\/\/misst.hr\/wp-content\/uploads\/2024\/05\/airflor-300ml-sprej.jpg","type":"image\/jpeg"}],"twitter_card":"summary_large_image","schema":{"@context":"https:\/\/schema.org","@graph":[{"@type":"WebPage","@id":"https:\/\/misst.hr\/en\/proizvod\/coctail-fruit\/","url":"https:\/\/misst.hr\/en\/proizvod\/coctail-fruit\/","name":"AIRFLOR MIRISNI OSVJE\u017dIVA\u010cI ZRAKA U SPREJU 300ml - Misst","isPartOf":{"@id":"https:\/\/misst.hr\/en\/#website"},"primaryImageOfPage":{"@id":"https:\/\/misst.hr\/en\/proizvod\/coctail-fruit\/#primaryimage"},"image":{"@id":"https:\/\/misst.hr\/en\/proizvod\/coctail-fruit\/#primaryimage"},"thumbnailUrl":"https:\/\/misst.hr\/wp-content\/uploads\/2024\/05\/airflor-300ml-sprej.jpg","datePublished":"2024-05-28T20:39:00+00:00","dateModified":"2024-06-24T16:36:50+00:00","breadcrumb":{"@id":"https:\/\/misst.hr\/en\/proizvod\/coctail-fruit\/#breadcrumb"},"inLanguage":"en-US","potentialAction":[{"@type":"ReadAction","target":["https:\/\/misst.hr\/en\/proizvod\/coctail-fruit\/"]}]},{"@type":"ImageObject","inLanguage":"en-US","@id":"https:\/\/misst.hr\/en\/proizvod\/coctail-fruit\/#primaryimage","url":"https:\/\/misst.hr\/wp-content\/uploads\/2024\/05\/airflor-300ml-sprej.jpg","contentUrl":"https:\/\/misst.hr\/wp-content\/uploads\/2024\/05\/airflor-300ml-sprej.jpg","width":2326,"height":1168},{"@type":"BreadcrumbList","@id":"https:\/\/misst.hr\/en\/proizvod\/coctail-fruit\/#breadcrumb","itemListElement":[{"@type":"ListItem","position":1,"name":"Home","item":"https:\/\/misst.hr\/en\/"},{"@type":"ListItem","position":2,"name":"Trgovina","item":"https:\/\/misst.hr\/trgovina\/"},{"@type":"ListItem","position":3,"name":"AIRFLOR MIRISNI OSVJE\u017dIVA\u010cI ZRAKA U SPREJU 300ml"}]},{"@type":"WebSite","@id":"https:\/\/misst.hr\/en\/#website","url":"https:\/\/misst.hr\/en\/","name":"misst.hr","description":"Misst d.o.o - za trgovinu i usluge","publisher":{"@id":"https:\/\/misst.hr\/en\/#organization"},"potentialAction":[{"@type":"SearchAction","target":{"@type":"EntryPoint","urlTemplate":"https:\/\/misst.hr\/en\/?s={search_term_string}"},"query-input":{"@type":"PropertyValueSpecification","valueRequired":true,"valueName":"search_term_string"}}],"inLanguage":"en-US"},{"@type":"Organization","@id":"https:\/\/misst.hr\/en\/#organization","name":"Misst d.o.o.","url":"https:\/\/misst.hr\/en\/","logo":{"@type":"ImageObject","inLanguage":"en-US","@id":"https:\/\/misst.hr\/en\/#\/schema\/logo\/image\/","url":"https:\/\/misst.hr\/wp-content\/uploads\/2021\/07\/misst-1024x509-2.png","contentUrl":"https:\/\/misst.hr\/wp-content\/uploads\/2021\/07\/misst-1024x509-2.png","width":1024,"height":509,"caption":"Misst d.o.o."},"image":{"@id":"https:\/\/misst.hr\/en\/#\/schema\/logo\/image\/"},"sameAs":["https:\/\/www.facebook.com\/misstdoo\/"]}]}},"_links":{"self":[{"href":"https:\/\/misst.hr\/en\/wp-json\/wp\/v2\/product\/46273","targetHints":{"allow":["GET"]}}],"collection":[{"href":"https:\/\/misst.hr\/en\/wp-json\/wp\/v2\/product"}],"about":[{"href":"https:\/\/misst.hr\/en\/wp-json\/wp\/v2\/types\/product"}],"replies":[{"embeddable":true,"href":"https:\/\/misst.hr\/en\/wp-json\/wp\/v2\/comments?post=46273"}],"wp:featuredmedia":[{"embeddable":true,"href":"https:\/\/misst.hr\/en\/wp-json\/wp\/v2\/media\/47042"}],"wp:attachment":[{"href":"https:\/\/misst.hr\/en\/wp-json\/wp\/v2\/media?parent=46273"}],"wp:term":[{"taxonomy":"product_brand","embeddable":true,"href":"https:\/\/misst.hr\/en\/wp-json\/wp\/v2\/product_brand?post=46273"},{"taxonomy":"product_cat","embeddable":true,"href":"https:\/\/misst.hr\/en\/wp-json\/wp\/v2\/product_cat?post=46273"},{"taxonomy":"product_tag","embeddable":true,"href":"https:\/\/misst.hr\/en\/wp-json\/wp\/v2\/product_tag?post=46273"}],"curies":[{"name":"wp","href":"https:\/\/api.w.org\/{rel}","templated":true}]}}